{"id":102,"date":"2017-03-08T07:53:07","date_gmt":"2017-03-08T07:53:07","guid":{"rendered":"https:\/\/greevill.com\/?page_id=102"},"modified":"2017-03-08T07:53:07","modified_gmt":"2017-03-08T07:53:07","slug":"blog-grid-left-sidebar","status":"publish","type":"page","link":"https:\/\/greevill.com\/pl\/blog-grid-left-sidebar\/","title":{"rendered":"Blog Grid Left Sidebar"},"content":{"rendered":"<section class=\"wpb-content-wrapper\"><div class=\"vc_row wpb_row vc_row-fluid\"><div class=\"wpb_column vc_column_container vc_col-sm-12\"><div class=\"vc_column-inner\"><div class=\"wpb_wrapper\">    <div class=\"archive-wrap clearfix  archive-grid\">\n        <div class=\"blog-wrap clearfix row columns-2 columns-md-2 columns-sm-2\">\n            <article id=\"post-5921\" class=\"post-grid gf-item-wrap clearfix post-5921 post type-post status-publish format-standard hentry category-public\">\n    \n        <div class=\"entry-content-wrap\">\n        <h3 class=\"entry-post-title\"><a title=\"Technol\u00f3gie, ktor\u00e9 menia sp\u00f4sob hrania hazardn\u00fdch hier\"\n                                        href=\"https:\/\/greevill.com\/pl\/technologie-ktore-menia-sposob-hrania-hazardnych\/\">Technol\u00f3gie, ktor\u00e9 menia sp\u00f4sob hrania hazardn\u00fdch hier<\/a><\/h3>\n\n        <div class=\"entry-post-meta\">\n            <div class=\"entry-meta-cat\"><i class=\"fa fa-folder-open\"><\/i><ul class=\"post-categories\">\n\t<li><a href=\"https:\/\/greevill.com\/pl\/category\/public\/\" rel=\"category tag\">Public<\/a><\/li><\/ul><\/div>\n        <div class=\"entry-meta-date\"><i class=\"fa fa-history\"><\/i>\n        <a title=\"Technol\u00f3gie, ktor\u00e9 menia sp\u00f4sob hrania hazardn\u00fdch hier\"\n           href=\"https:\/\/greevill.com\/pl\/technologie-ktore-menia-sposob-hrania-hazardnych\/\">19 stycznia, 2026<\/a>\n    <\/div>\n<\/div>    <\/div>\n<\/article>\n<article id=\"post-5919\" class=\"post-grid gf-item-wrap clearfix post-5919 post type-post status-publish format-standard hentry category-uncategorized\">\n    \n        <div class=\"entry-content-wrap\">\n        <h3 class=\"entry-post-title\"><a title=\"Rabbit Road \u2013 Warum so beliebt f\u00fcr deutsche Spieler\"\n                                        href=\"https:\/\/greevill.com\/pl\/rabbit-road-warum-so-beliebt-fur-deutsche-spieler\/\">Rabbit Road \u2013 Warum so beliebt f\u00fcr deutsche Spieler<\/a><\/h3>\n\n        <div class=\"entry-post-meta\">\n            <div class=\"entry-meta-cat\"><i class=\"fa fa-folder-open\"><\/i><ul class=\"post-categories\">\n\t<li><a href=\"https:\/\/greevill.com\/pl\/category\/uncategorized\/\" rel=\"category tag\">Bez kategorii<\/a><\/li><\/ul><\/div>\n        <div class=\"entry-meta-date\"><i class=\"fa fa-history\"><\/i>\n        <a title=\"Rabbit Road \u2013 Warum so beliebt f\u00fcr deutsche Spieler\"\n           href=\"https:\/\/greevill.com\/pl\/rabbit-road-warum-so-beliebt-fur-deutsche-spieler\/\">19 stycznia, 2026<\/a>\n    <\/div>\n<\/div>    <\/div>\n<\/article>\n<article id=\"post-5917\" class=\"post-grid gf-item-wrap clearfix post-5917 post type-post status-publish format-standard hentry category-uncategorized\">\n    \n        <div class=\"entry-content-wrap\">\n        <h3 class=\"entry-post-title\"><a title=\"Unieke Rabbit Road Slot Machine op je Smartphone\"\n                                        href=\"https:\/\/greevill.com\/pl\/unieke-rabbit-road-slot-machine-op-je-smartphone\/\">Unieke Rabbit Road Slot Machine op je Smartphone<\/a><\/h3>\n\n        <div class=\"entry-post-meta\">\n            <div class=\"entry-meta-cat\"><i class=\"fa fa-folder-open\"><\/i><ul class=\"post-categories\">\n\t<li><a href=\"https:\/\/greevill.com\/pl\/category\/uncategorized\/\" rel=\"category tag\">Bez kategorii<\/a><\/li><\/ul><\/div>\n        <div class=\"entry-meta-date\"><i class=\"fa fa-history\"><\/i>\n        <a title=\"Unieke Rabbit Road Slot Machine op je Smartphone\"\n           href=\"https:\/\/greevill.com\/pl\/unieke-rabbit-road-slot-machine-op-je-smartphone\/\">19 stycznia, 2026<\/a>\n    <\/div>\n<\/div>    <\/div>\n<\/article>\n<article id=\"post-5913\" class=\"post-grid gf-item-wrap clearfix post-5913 post type-post status-publish format-standard hentry category-uncategorized\">\n    \n        <div class=\"entry-content-wrap\">\n        <h3 class=\"entry-post-title\"><a title=\"Rabbit Road &#8211; Volledige breakdown van alle aspecten &#8211; Premium versie\"\n                                        href=\"https:\/\/greevill.com\/pl\/rabbit-road-volledige-breakdown-van-alle-aspecten-premium-versie\/\">Rabbit Road &#8211; Volledige breakdown van alle aspecten &#8211; Premium versie<\/a><\/h3>\n\n        <div class=\"entry-post-meta\">\n            <div class=\"entry-meta-cat\"><i class=\"fa fa-folder-open\"><\/i><ul class=\"post-categories\">\n\t<li><a href=\"https:\/\/greevill.com\/pl\/category\/uncategorized\/\" rel=\"category tag\">Bez kategorii<\/a><\/li><\/ul><\/div>\n        <div class=\"entry-meta-date\"><i class=\"fa fa-history\"><\/i>\n        <a title=\"Rabbit Road &#8211; Volledige breakdown van alle aspecten &#8211; Premium versie\"\n           href=\"https:\/\/greevill.com\/pl\/rabbit-road-volledige-breakdown-van-alle-aspecten-premium-versie\/\">19 stycznia, 2026<\/a>\n    <\/div>\n<\/div>    <\/div>\n<\/article>\n<article id=\"post-5911\" class=\"post-grid gf-item-wrap clearfix post-5911 post type-post status-publish format-standard hentry category-uncategorized\">\n    \n        <div class=\"entry-content-wrap\">\n        <h3 class=\"entry-post-title\"><a title=\"Revelar as Recursos de Rabbit Road\"\n                                        href=\"https:\/\/greevill.com\/pl\/revelar-as-recursos-de-rabbit-road\/\">Revelar as Recursos de Rabbit Road<\/a><\/h3>\n\n        <div class=\"entry-post-meta\">\n            <div class=\"entry-meta-cat\"><i class=\"fa fa-folder-open\"><\/i><ul class=\"post-categories\">\n\t<li><a href=\"https:\/\/greevill.com\/pl\/category\/uncategorized\/\" rel=\"category tag\">Bez kategorii<\/a><\/li><\/ul><\/div>\n        <div class=\"entry-meta-date\"><i class=\"fa fa-history\"><\/i>\n        <a title=\"Revelar as Recursos de Rabbit Road\"\n           href=\"https:\/\/greevill.com\/pl\/revelar-as-recursos-de-rabbit-road\/\">19 stycznia, 2026<\/a>\n    <\/div>\n<\/div>    <\/div>\n<\/article>\n<article id=\"post-5909\" class=\"post-grid gf-item-wrap clearfix post-5909 post type-post status-publish format-standard hentry category-uncategorized\">\n    \n        <div class=\"entry-content-wrap\">\n        <h3 class=\"entry-post-title\"><a title=\"\u038c\u03bb\u03b1 \u03b3\u03b9\u03b1 \u03c4\u03bf Rabbit Road: Tips\"\n                                        href=\"https:\/\/greevill.com\/pl\/ola-gia-to-rabbit-road-tips\/\">\u038c\u03bb\u03b1 \u03b3\u03b9\u03b1 \u03c4\u03bf Rabbit Road: Tips<\/a><\/h3>\n\n        <div class=\"entry-post-meta\">\n            <div class=\"entry-meta-cat\"><i class=\"fa fa-folder-open\"><\/i><ul class=\"post-categories\">\n\t<li><a href=\"https:\/\/greevill.com\/pl\/category\/uncategorized\/\" rel=\"category tag\">Bez kategorii<\/a><\/li><\/ul><\/div>\n        <div class=\"entry-meta-date\"><i class=\"fa fa-history\"><\/i>\n        <a title=\"\u038c\u03bb\u03b1 \u03b3\u03b9\u03b1 \u03c4\u03bf Rabbit Road: Tips\"\n           href=\"https:\/\/greevill.com\/pl\/ola-gia-to-rabbit-road-tips\/\">19 stycznia, 2026<\/a>\n    <\/div>\n<\/div>    <\/div>\n<\/article>\n<article id=\"post-5908\" class=\"post-grid gf-item-wrap clearfix post-5908 post type-post status-publish format-standard hentry category-uncategorized\">\n    \n        <div class=\"entry-content-wrap\">\n        <h3 class=\"entry-post-title\"><a title=\"Rabbit Road &#8211; strat\u00e9gies et conseils et astuces\"\n                                        href=\"https:\/\/greevill.com\/pl\/rabbit-road-strategies-et-conseils-et-astuces-2\/\">Rabbit Road &#8211; strat\u00e9gies et conseils et astuces<\/a><\/h3>\n\n        <div class=\"entry-post-meta\">\n            <div class=\"entry-meta-cat\"><i class=\"fa fa-folder-open\"><\/i><ul class=\"post-categories\">\n\t<li><a href=\"https:\/\/greevill.com\/pl\/category\/uncategorized\/\" rel=\"category tag\">Bez kategorii<\/a><\/li><\/ul><\/div>\n        <div class=\"entry-meta-date\"><i class=\"fa fa-history\"><\/i>\n        <a title=\"Rabbit Road &#8211; strat\u00e9gies et conseils et astuces\"\n           href=\"https:\/\/greevill.com\/pl\/rabbit-road-strategies-et-conseils-et-astuces-2\/\">19 stycznia, 2026<\/a>\n    <\/div>\n<\/div>    <\/div>\n<\/article>\n<article id=\"post-5906\" class=\"post-grid gf-item-wrap clearfix post-5906 post type-post status-publish format-standard hentry category-uncategorized\">\n    \n        <div class=\"entry-content-wrap\">\n        <h3 class=\"entry-post-title\"><a title=\"Rabbit Road &#8211; strat\u00e9gies et conseils et astuces\"\n                                        href=\"https:\/\/greevill.com\/pl\/rabbit-road-strategies-et-conseils-et-astuces\/\">Rabbit Road &#8211; strat\u00e9gies et conseils et astuces<\/a><\/h3>\n\n        <div class=\"entry-post-meta\">\n            <div class=\"entry-meta-cat\"><i class=\"fa fa-folder-open\"><\/i><ul class=\"post-categories\">\n\t<li><a href=\"https:\/\/greevill.com\/pl\/category\/uncategorized\/\" rel=\"category tag\">Bez kategorii<\/a><\/li><\/ul><\/div>\n        <div class=\"entry-meta-date\"><i class=\"fa fa-history\"><\/i>\n        <a title=\"Rabbit Road &#8211; strat\u00e9gies et conseils et astuces\"\n           href=\"https:\/\/greevill.com\/pl\/rabbit-road-strategies-et-conseils-et-astuces\/\">19 stycznia, 2026<\/a>\n    <\/div>\n<\/div>    <\/div>\n<\/article>\n        <\/div>\n        <div class=\"paging-navigation-wrap clearfix\">\n        <div class=\"posts-per-page\">\n        Show <span>8 Items<\/span> of 278 Items    <\/div>\n    <div class=\"paging-navigation\">\n        <span aria-label=\"Strona 1\" aria-current=\"page\" class=\"page-numbers current\" data-no-translation-aria-label=\"\">1<\/span>\n<a aria-label=\"Strona 2\" class=\"page-numbers\" href=\"https:\/\/greevill.com\/pl\/wp-json\/wp\/v2\/pages\/102\/page\/2\/\" data-no-translation-aria-label=\"\">2<\/a>\n<span class=\"page-numbers dots\">&hellip;<\/span>\n<a aria-label=\"Strona 35\" class=\"page-numbers\" href=\"https:\/\/greevill.com\/pl\/wp-json\/wp\/v2\/pages\/102\/page\/35\/\" data-no-translation-aria-label=\"\">35<\/a>\n<a class=\"next page-numbers\" href=\"https:\/\/greevill.com\/pl\/wp-json\/wp\/v2\/pages\/102\/page\/2\/\"><i class=\"fa fa-angle-right\"><\/i><\/a>    <\/div>\n<\/div>\n    <\/div>\n<\/div><\/div><\/div><\/div>\n<\/section>","protected":false},"excerpt":{"rendered":"Rabbit Road constitue une exp\u00e9rience qui captive dans le cadre gr\u00e2ce \u00e0 son attractivit\u00e9. Rabbit Road illustre une chance de appr\u00e9cier un format fascinant. L'ensemble d\u00e9ploie une structure construite pour le confort. Fonctionnement et sp\u00e9cificit\u00e9s Le syst\u00e8me de fonctionnement s'articule autour de : un m\u00e9canisme de multiplication des gains des ic\u00f4nes diversifi\u00e9s et \u00e9vocateurs des [...]","protected":false},"author":1,"featured_media":0,"parent":0,"menu_order":0,"comment_status":"closed","ping_status":"closed","template":"","meta":{"footnotes":""},"class_list":["post-102","page","type-page","status-publish","hentry"],"_links":{"self":[{"href":"https:\/\/greevill.com\/pl\/wp-json\/wp\/v2\/pages\/102","targetHints":{"allow":["GET"]}}],"collection":[{"href":"https:\/\/greevill.com\/pl\/wp-json\/wp\/v2\/pages"}],"about":[{"href":"https:\/\/greevill.com\/pl\/wp-json\/wp\/v2\/types\/page"}],"author":[{"embeddable":true,"href":"https:\/\/greevill.com\/pl\/wp-json\/wp\/v2\/users\/1"}],"replies":[{"embeddable":true,"href":"https:\/\/greevill.com\/pl\/wp-json\/wp\/v2\/comments?post=102"}],"version-history":[{"count":0,"href":"https:\/\/greevill.com\/pl\/wp-json\/wp\/v2\/pages\/102\/revisions"}],"wp:attachment":[{"href":"https:\/\/greevill.com\/pl\/wp-json\/wp\/v2\/media?parent=102"}],"curies":[{"name":"wp","href":"https:\/\/api.w.org\/{rel}","templated":true}]}}