{"id":220,"date":"2017-03-10T02:46:25","date_gmt":"2017-03-10T02:46:25","guid":{"rendered":"https:\/\/greevill.com\/?page_id=220"},"modified":"2024-11-13T12:07:53","modified_gmt":"2024-11-13T12:07:53","slug":"about-us","status":"publish","type":"page","link":"https:\/\/greevill.com\/pl\/about-us\/","title":{"rendered":"O nas"},"content":{"rendered":"<section class=\"wpb-content-wrapper\"><div class=\"vc_row wpb_row vc_row-fluid vc_custom_1695322585121\"><div class=\"wpb_column vc_column_container vc_col-sm-12 vc_col-md-6\"><div class=\"vc_column-inner\"><div class=\"wpb_wrapper\"><div class=\"vc_empty_space  vc_custom_1695322603988\"   style=\"height: 570px\"><span class=\"vc_empty_space_inner\"><\/span><\/div><div class=\"g5plus-space space-69eb2935a7a0d\" data-id=\"69eb2935a7a0d\" data-tablet=\"30\" data-tablet-portrait=\"30\" data-mobile=\"30\" data-mobile-landscape=\"30\" style=\"clear: both; display: block; height: 0px\"><\/div><\/div><\/div><\/div><div class=\"wpb_column vc_column_container vc_col-sm-12 vc_col-md-6\"><div class=\"vc_column-inner\"><div class=\"wpb_wrapper\"><div class=\"g5plus-heading text-left text-dark text-small  mg-bottom-10 has-line line-top\" >\n\t\t\t\t<h4 class=\"b-font\"><span>O nas<\/span>\n\t\t<\/h4>\n\t<\/div>\n\t<div class=\"wpb_text_column wpb_content_element\" >\n\t\t<div class=\"wpb_wrapper\">\n\t\t\t<p>Greevill to egipska firma maj\u0105ca swoje oddzia\u0142y na ca\u0142ym \u015bwiecie, teraz tak\u017ce i w Polsce. Specjalizujemy si\u0119 w eksporcie najwy\u017cszej jako\u015bci egipskich liofilizowanych owoc\u00f3w oraz mro\u017conych warzyw i owoc\u00f3w przy u\u017cyciu technologii blast i IQF. Naszym g\u0142\u00f3wnym celem jest zapewnienie najlepszej jako\u015bci i opakowa\u0144 (hurtowych i detalicznych), zgodnie z potrzebami naszych klient\u00f3w.<\/p>\n<p>\u201eKa\u017cdy krok ma znaczenie\u201d to nie tylko nasze has\u0142o, ale tak\u017ce nasza droga do sukcesu. Kontrolujemy ca\u0142y cykl produkcji: pocz\u0105wszy od starannego wyboru nasion, wybieraniu \u017cyznej, bogatej gleby, po proces uprawy, zbioru, mro\u017cenia, pakowania, transportu,<\/p>\n<p>magazynowania i eksportu; wszystkie te kroki s\u0105 pod naszym bezpo\u015brednim nadzorem. Ponadto monitorujemy wszystkie procedury produkcyjne Greevill zgodnie z normami ISO 9001\/22000, HACCP i naszym systemem zapewniania jako\u015bci, kt\u00f3ry zosta\u0142 certyfikowany przez bia\u0142\u0105 list\u0119.<\/p>\n<p>Na koniec, ale nie mniej wa\u017cne, zasoby ludzkie s\u0105 mocn\u0105 stron\u0105 Greevill. Greevill uwa\u017ca, \u017ce \u200b\u200bsukces jest niemo\u017cliwy bez stworzenia dobrze ugruntowanej struktury wykwalifikowanego, lojalnego,<\/p>\n<p>zmotywowanego i profesjonalnego personelu. Nasi pracownicy przechodz\u0105 szkolenia techniczne pod okiem krajowych i zagranicznych ekspert\u00f3w, co daje naszym klientom gwarancje dobrej jako\u015bci produkt\u00f3w i us\u0142ug.<\/p>\n\n\t\t<\/div>\n\t<\/div>\n\n\t<div class=\"wpb_raw_code wpb_content_element wpb_raw_html vc_custom_1731535767721\" >\n\t\t<div class=\"wpb_wrapper\">\n\t\t\t<span style=\"color:black; font-size:16px; font-weight:600;\" >\n\n<a href=\"mailto:info@greevill.com\"><i class=\"fa fa-envelope\"><\/i> info@greevill.pl<br><\/a>\n<a href=\"#\"><i class=\"fa fa-phone-square\"><\/i> phone <br><\/a>\n<a href=\"tel:48511 442 100\"><i class=\"fa fa-phone-square\"><\/i> +48 511 442 100<br><\/a>\n<a href=\"tel:01275989098\"><i class=\"fa fa-phone-square\"><\/i> (+2) 226901892\n (+2) 01275989098<br><\/a>\n<i class=\"fa fa-map\"><\/i> GREEVILL Sp. z o.o. ul.Ho\u017ca 86\/410 00-682 Warszawa<br>\n<i class=\"fa fa-map\"><\/i> 17 Cleopatra St, Korba, Heliopolis, Cairo, Egypt<br>\n\n\n\n<\/span>\n\n\t\t<\/div>\n\t<\/div>\n<\/div><\/div><\/div><\/div><div class=\"vc_row wpb_row vc_row-fluid\"><div class=\"wpb_column vc_column_container vc_col-sm-12\"><div class=\"vc_column-inner\"><div class=\"wpb_wrapper\"><div class=\"vc_empty_space\"   style=\"height: 50px\"><span class=\"vc_empty_space_inner\"><\/span><\/div><\/div><\/div><\/div><\/div>\n<\/section>","protected":false},"excerpt":{"rendered":"About Us Greevill is an Egyptian company located in Cairo, specialized in exporting premium quality Egyptian freeze dried fruits &amp; frozen vegetables and fruits using blast and IQF technologies. Our Main focus is to ensure the best quality &amp; packaging (Bulk &amp; Retail), according to our clients\u2019 needs. \u201cEvery step matters\u201dis not only our slogan [...]","protected":false},"author":1,"featured_media":0,"parent":0,"menu_order":0,"comment_status":"closed","ping_status":"closed","template":"","meta":{"footnotes":""},"class_list":["post-220","page","type-page","status-publish","hentry"],"_links":{"self":[{"href":"https:\/\/greevill.com\/pl\/wp-json\/wp\/v2\/pages\/220","targetHints":{"allow":["GET"]}}],"collection":[{"href":"https:\/\/greevill.com\/pl\/wp-json\/wp\/v2\/pages"}],"about":[{"href":"https:\/\/greevill.com\/pl\/wp-json\/wp\/v2\/types\/page"}],"author":[{"embeddable":true,"href":"https:\/\/greevill.com\/pl\/wp-json\/wp\/v2\/users\/1"}],"replies":[{"embeddable":true,"href":"https:\/\/greevill.com\/pl\/wp-json\/wp\/v2\/comments?post=220"}],"version-history":[{"count":8,"href":"https:\/\/greevill.com\/pl\/wp-json\/wp\/v2\/pages\/220\/revisions"}],"predecessor-version":[{"id":4517,"href":"https:\/\/greevill.com\/pl\/wp-json\/wp\/v2\/pages\/220\/revisions\/4517"}],"wp:attachment":[{"href":"https:\/\/greevill.com\/pl\/wp-json\/wp\/v2\/media?parent=220"}],"curies":[{"name":"wp","href":"https:\/\/api.w.org\/{rel}","templated":true}]}}