{"id":3325,"date":"2017-03-31T03:09:31","date_gmt":"2017-03-31T03:09:31","guid":{"rendered":"https:\/\/greevill.com\/?page_id=3325"},"modified":"2017-03-31T03:09:31","modified_gmt":"2017-03-31T03:09:31","slug":"posts","status":"publish","type":"page","link":"https:\/\/greevill.com\/pl\/posts\/","title":{"rendered":"Posts"},"content":{"rendered":"<section class=\"wpb-content-wrapper\"><div class=\"vc_row wpb_row vc_row-fluid vc_custom_1490929765341\"><div class=\"wpb_column vc_column_container vc_col-sm-12\"><div class=\"vc_column-inner\"><div class=\"wpb_wrapper\"><div class=\"g5plus-heading text-center text-dark text-small vc_custom_1490929754350\" >\n\t\t\t\t\t\t\t\t\t\t<span class=\"icon-image\">\n                \t\t\t\t\t<img decoding=\"async\" src=\"https:\/\/greevill.com\/wp-content\/uploads\/2017\/03\/heading-image.png\"\n\t\t\t\t\t\t alt=\"heading-image\"\/>\n                <\/span>\n\t\t\t\t\t\t\t\t\t<h4 class=\"a-font\"><span>Posts Grid<\/span>\n\t\t<\/h4>\n\t<\/div><div class=\"g5plus-posts blog-wrap clearfix  row columns-3 columns-md-3 columns-sm-2 columns-xs-1 columns-mb-1\" >\n\t\t\t\t\t\t<article id=\"post-4639\" class=\"post-grid clearfix gf-item-wrap post-4639 post type-post status-publish format-standard hentry category-uncategorized\">\n    <div class=\"post-item-wrap clearfix\">\n        \n    \n        <div class=\"entry-meta-post-date\">\n                <a title=\"Plinko France: Guide Complet, Avis et O\u00f9 Jouer en Ligne\" href=\"https:\/\/greevill.com\/pl\/plinko-france-guide-complet-avis-et-ou-jouer-en-ligne\/\">\n                    <span>06<\/span>\n                    <p>gru<\/p>\n                <\/a>\n        <\/div>\n        \n        <div class=\"entry-content-wrap\" style=\"\">\n            <h3 class=\"entry-post-title\"><a title=\"Plinko France: Guide Complet, Avis et O\u00f9 Jouer en Ligne\"\n                                            href=\"https:\/\/greevill.com\/pl\/plinko-france-guide-complet-avis-et-ou-jouer-en-ligne\/\">Plinko France: Guide Complet, Avis et O\u00f9 Jouer en Ligne<\/a><\/h3>\n            <div class=\"entry-post-meta\">\n                <div class=\"entry-meta-author fs-12\">\n                    <span>by<\/span> <a href=\"https:\/\/greevill.com\/pl\/author\/moussaadel35gmail-com\/\">moussaadel35@gmail.com<\/a>                <\/div>\n                                    <div class=\"entry-meta-cat fs-12\"><a href=\"https:\/\/greevill.com\/pl\/category\/uncategorized\/\" rel=\"category tag\">Bez kategorii<\/a><\/div>\n                            <\/div>\n        <\/div>\n    <\/div>\n<\/article>\n\t\t\t\t\t<article id=\"post-4694\" class=\"post-grid clearfix gf-item-wrap post-4694 post type-post status-publish format-standard hentry category-uncategorized\">\n    <div class=\"post-item-wrap clearfix\">\n        \n    \n        <div class=\"entry-meta-post-date\">\n                <a title=\"TOP 10 Fiables en France\" href=\"https:\/\/greevill.com\/pl\/top-10-fiables-en-france\/\">\n                    <span>03<\/span>\n                    <p>pa\u017a<\/p>\n                <\/a>\n        <\/div>\n        \n        <div class=\"entry-content-wrap\" style=\"\">\n            <h3 class=\"entry-post-title\"><a title=\"TOP 10 Fiables en France\"\n                                            href=\"https:\/\/greevill.com\/pl\/top-10-fiables-en-france\/\">TOP 10 Fiables en France<\/a><\/h3>\n            <div class=\"entry-post-meta\">\n                <div class=\"entry-meta-author fs-12\">\n                    <span>by<\/span> <a href=\"https:\/\/greevill.com\/pl\/author\/moussaadel35gmail-com\/\">moussaadel35@gmail.com<\/a>                <\/div>\n                                    <div class=\"entry-meta-cat fs-12\"><a href=\"https:\/\/greevill.com\/pl\/category\/uncategorized\/\" rel=\"category tag\">Bez kategorii<\/a><\/div>\n                            <\/div>\n        <\/div>\n    <\/div>\n<\/article>\n\t\t\t\t\t<article id=\"post-82\" class=\"post-grid clearfix gf-item-wrap post-82 post type-post status-publish format-standard has-post-thumbnail hentry category-news category-our-services\">\n    <div class=\"post-item-wrap clearfix\">\n        \n            <div class=\"entry-thumb-wrap\">\n            <div class=\"entry-thumbnail\">\n\t\t\t<a href=\"https:\/\/greevill.com\/pl\/transportation\/\" title=\"Transport\" class=\"entry-thumbnail-overlay\">\n\t\t\t\t\t\t<img decoding=\"async\" width='370' height='282' src=\"https:\/\/greevill.com\/wp-content\/uploads\/2017\/03\/Transportation-370x282.webp\"\n\t\t\t                                           alt=\"Transportation\" class=\"img-responsive\">\n\t\t\t\t<\/a>\n\t<a data-thumb-src=\"https:\/\/greevill.com\/wp-content\/uploads\/2017\/03\/Transportation-150x150.webp\" data-gallery-id=\"1542168481\"\n\t   data-rel=\"lightGallery\" href=\"https:\/\/greevill.com\/wp-content\/uploads\/2017\/03\/Transportation.webp\" class=\"zoomGallery\"><i\n\t\t\tclass=\"fa fa-eye\"><\/i><\/a>\n<\/div>        <\/div>\n    \n        <div class=\"entry-meta-post-date\">\n                <a title=\"Transport\" href=\"https:\/\/greevill.com\/pl\/transportation\/\">\n                    <span>08<\/span>\n                    <p>mar<\/p>\n                <\/a>\n        <\/div>\n        \n        <div class=\"entry-content-wrap\" style=\"\">\n            <h3 class=\"entry-post-title\"><a title=\"Transport\"\n                                            href=\"https:\/\/greevill.com\/pl\/transportation\/\">Transport<\/a><\/h3>\n            <div class=\"entry-post-meta\">\n                <div class=\"entry-meta-author fs-12\">\n                    <span>by<\/span> <a href=\"https:\/\/greevill.com\/pl\/author\/moussaadel35gmail-com\/\">moussaadel35@gmail.com<\/a>                <\/div>\n                                    <div class=\"entry-meta-cat fs-12\"><a href=\"https:\/\/greevill.com\/pl\/category\/news\/\" rel=\"category tag\">Aktualno\u015bci<\/a> \/ <a href=\"https:\/\/greevill.com\/pl\/category\/our-services\/\" rel=\"category tag\">Nasze us\u0142ugi<\/a><\/div>\n                            <\/div>\n        <\/div>\n    <\/div>\n<\/article>\n\t\t\t\t\t<article id=\"post-5923\" class=\"post-grid clearfix gf-item-wrap post-5923 post type-post status-publish format-standard hentry category-uncategorized\">\n    <div class=\"post-item-wrap clearfix\">\n        \n    \n        <div class=\"entry-meta-post-date\">\n                <a title=\"Comment Maximiser Votre Exp&eacute;rience sur Julius Casino en Ligne\" href=\"https:\/\/greevill.com\/pl\/comment-maximiser-votre-exprience-sur-julius-casino-en-ligne\/\">\n                    <span>15<\/span>\n                    <p>wrz<\/p>\n                <\/a>\n        <\/div>\n        \n        <div class=\"entry-content-wrap\" style=\"\">\n            <h3 class=\"entry-post-title\"><a title=\"Comment Maximiser Votre Exp&eacute;rience sur Julius Casino en Ligne\"\n                                            href=\"https:\/\/greevill.com\/pl\/comment-maximiser-votre-exprience-sur-julius-casino-en-ligne\/\">Comment Maximiser Votre Exp&eacute;rience sur Julius Casino en Ligne<\/a><\/h3>\n            <div class=\"entry-post-meta\">\n                <div class=\"entry-meta-author fs-12\">\n                    <span>by<\/span> <a href=\"https:\/\/greevill.com\/pl\/author\/moussaadel35gmail-com\/\">moussaadel35@gmail.com<\/a>                <\/div>\n                                    <div class=\"entry-meta-cat fs-12\"><a href=\"https:\/\/greevill.com\/pl\/category\/uncategorized\/\" rel=\"category tag\">Bez kategorii<\/a><\/div>\n                            <\/div>\n        <\/div>\n    <\/div>\n<\/article>\n\t\t\t\t\t<article id=\"post-4617\" class=\"post-grid clearfix gf-item-wrap post-4617 post type-post status-publish format-standard hentry category-uncategorized\">\n    <div class=\"post-item-wrap clearfix\">\n        \n    \n        <div class=\"entry-meta-post-date\">\n                <a title=\"Casino BeepBeep Recenzja  Bonus 100% + 100 Darmowych Spin\u00f3w\" href=\"https:\/\/greevill.com\/pl\/casino-beepbeep-recenzja-bonus-100-100-darmowych-spinow\/\">\n                    <span>08<\/span>\n                    <p>pa\u017a<\/p>\n                <\/a>\n        <\/div>\n        \n        <div class=\"entry-content-wrap\" style=\"\">\n            <h3 class=\"entry-post-title\"><a title=\"Casino BeepBeep Recenzja  Bonus 100% + 100 Darmowych Spin\u00f3w\"\n                                            href=\"https:\/\/greevill.com\/pl\/casino-beepbeep-recenzja-bonus-100-100-darmowych-spinow\/\">Casino BeepBeep Recenzja  Bonus 100% + 100 Darmowych Spin\u00f3w<\/a><\/h3>\n            <div class=\"entry-post-meta\">\n                <div class=\"entry-meta-author fs-12\">\n                    <span>by<\/span> <a href=\"https:\/\/greevill.com\/pl\/author\/moussaadel35gmail-com\/\">moussaadel35@gmail.com<\/a>                <\/div>\n                                    <div class=\"entry-meta-cat fs-12\"><a href=\"https:\/\/greevill.com\/pl\/category\/uncategorized\/\" rel=\"category tag\">Bez kategorii<\/a><\/div>\n                            <\/div>\n        <\/div>\n    <\/div>\n<\/article>\n\t\t\t\t\t<article id=\"post-5148\" class=\"post-grid clearfix gf-item-wrap post-5148 post type-post status-publish format-standard hentry category-uncategorized\">\n    <div class=\"post-item-wrap clearfix\">\n        \n    \n        <div class=\"entry-meta-post-date\">\n                <a title=\"Jak Skorzysta\u0107 z Firespin Kasyno: Kompletny Przewodnik\" href=\"https:\/\/greevill.com\/pl\/jak-skorzystac-z-firespin-kasyno-kompletny-przewodnik\/\">\n                    <span>07<\/span>\n                    <p>kwi<\/p>\n                <\/a>\n        <\/div>\n        \n        <div class=\"entry-content-wrap\" style=\"\">\n            <h3 class=\"entry-post-title\"><a title=\"Jak Skorzysta\u0107 z Firespin Kasyno: Kompletny Przewodnik\"\n                                            href=\"https:\/\/greevill.com\/pl\/jak-skorzystac-z-firespin-kasyno-kompletny-przewodnik\/\">Jak Skorzysta\u0107 z Firespin Kasyno: Kompletny Przewodnik<\/a><\/h3>\n            <div class=\"entry-post-meta\">\n                <div class=\"entry-meta-author fs-12\">\n                    <span>by<\/span> <a href=\"https:\/\/greevill.com\/pl\/author\/moussaadel35gmail-com\/\">moussaadel35@gmail.com<\/a>                <\/div>\n                                    <div class=\"entry-meta-cat fs-12\"><a href=\"https:\/\/greevill.com\/pl\/category\/uncategorized\/\" rel=\"category tag\">Bez kategorii<\/a><\/div>\n                            <\/div>\n        <\/div>\n    <\/div>\n<\/article>\n\t\t\t<\/div>\n<\/div><\/div><\/div><\/div><div class=\"vc_row wpb_row vc_row-fluid vc_custom_1491018644833\"><div class=\"wpb_column vc_column_container vc_col-sm-12\"><div class=\"vc_column-inner\"><div class=\"wpb_wrapper\"><div class=\"g5plus-heading text-center text-dark text-small vc_custom_1490929787770\" >\n\t\t\t\t\t\t\t\t\t\t<span class=\"icon-image\">\n                \t\t\t\t\t<img decoding=\"async\" src=\"https:\/\/greevill.com\/wp-content\/uploads\/2017\/03\/heading-image.png\"\n\t\t\t\t\t\t alt=\"heading-image\"\/>\n                <\/span>\n\t\t\t\t\t\t\t\t\t<h4 class=\"a-font\"><span>Posts Slider<\/span>\n\t\t<\/h4>\n\t<\/div><div class=\"g5plus-posts blog-wrap clearfix  owl-carousel\" data-plugin-options='{\"autoHeight\": true, \"dots\": true, \"nav\": false, \"autoplay\": true, \"autoplayTimeout\":5000, \"responsive\": {\"0\" : {\"items\" : 1, \"margin\": 30}, \"481\" : {\"items\" : 1, \"margin\": 30}, \"768\" : {\"items\" : 2, \"margin\": 30}, \"992\" : {\"items\" : 3, \"margin\": 30}, \"1200\" : {\"items\" : 3, \"margin\": 30}}}'>\n\t\t\t\t\t\t<article id=\"post-4639\" class=\"post-grid clearfix post-4639 post type-post status-publish format-standard hentry category-uncategorized\">\n    <div class=\"post-item-wrap clearfix\">\n        \n    \n        <div class=\"entry-meta-post-date\">\n                <a title=\"Plinko France: Guide Complet, Avis et O\u00f9 Jouer en Ligne\" href=\"https:\/\/greevill.com\/pl\/plinko-france-guide-complet-avis-et-ou-jouer-en-ligne\/\">\n                    <span>06<\/span>\n                    <p>gru<\/p>\n                <\/a>\n        <\/div>\n        \n        <div class=\"entry-content-wrap\" style=\"\">\n            <h3 class=\"entry-post-title\"><a title=\"Plinko France: Guide Complet, Avis et O\u00f9 Jouer en Ligne\"\n                                            href=\"https:\/\/greevill.com\/pl\/plinko-france-guide-complet-avis-et-ou-jouer-en-ligne\/\">Plinko France: Guide Complet, Avis et O\u00f9 Jouer en Ligne<\/a><\/h3>\n            <div class=\"entry-post-meta\">\n                <div class=\"entry-meta-author fs-12\">\n                    <span>by<\/span> <a href=\"https:\/\/greevill.com\/pl\/author\/moussaadel35gmail-com\/\">moussaadel35@gmail.com<\/a>                <\/div>\n                                    <div class=\"entry-meta-cat fs-12\"><a href=\"https:\/\/greevill.com\/pl\/category\/uncategorized\/\" rel=\"category tag\">Bez kategorii<\/a><\/div>\n                            <\/div>\n        <\/div>\n    <\/div>\n<\/article>\n\t\t\t\t\t<article id=\"post-4694\" class=\"post-grid clearfix post-4694 post type-post status-publish format-standard hentry category-uncategorized\">\n    <div class=\"post-item-wrap clearfix\">\n        \n    \n        <div class=\"entry-meta-post-date\">\n                <a title=\"TOP 10 Fiables en France\" href=\"https:\/\/greevill.com\/pl\/top-10-fiables-en-france\/\">\n                    <span>03<\/span>\n                    <p>pa\u017a<\/p>\n                <\/a>\n        <\/div>\n        \n        <div class=\"entry-content-wrap\" style=\"\">\n            <h3 class=\"entry-post-title\"><a title=\"TOP 10 Fiables en France\"\n                                            href=\"https:\/\/greevill.com\/pl\/top-10-fiables-en-france\/\">TOP 10 Fiables en France<\/a><\/h3>\n            <div class=\"entry-post-meta\">\n                <div class=\"entry-meta-author fs-12\">\n                    <span>by<\/span> <a href=\"https:\/\/greevill.com\/pl\/author\/moussaadel35gmail-com\/\">moussaadel35@gmail.com<\/a>                <\/div>\n                                    <div class=\"entry-meta-cat fs-12\"><a href=\"https:\/\/greevill.com\/pl\/category\/uncategorized\/\" rel=\"category tag\">Bez kategorii<\/a><\/div>\n                            <\/div>\n        <\/div>\n    <\/div>\n<\/article>\n\t\t\t\t\t<article id=\"post-82\" class=\"post-grid clearfix post-82 post type-post status-publish format-standard has-post-thumbnail hentry category-news category-our-services\">\n    <div class=\"post-item-wrap clearfix\">\n        \n            <div class=\"entry-thumb-wrap\">\n            <div class=\"entry-thumbnail\">\n\t\t\t<a href=\"https:\/\/greevill.com\/pl\/transportation\/\" title=\"Transport\" class=\"entry-thumbnail-overlay\">\n\t\t\t\t\t\t<img decoding=\"async\" width='370' height='282' src=\"https:\/\/greevill.com\/wp-content\/uploads\/2017\/03\/Transportation-370x282.webp\"\n\t\t\t                                           alt=\"Transportation\" class=\"img-responsive\">\n\t\t\t\t<\/a>\n\t<a data-thumb-src=\"https:\/\/greevill.com\/wp-content\/uploads\/2017\/03\/Transportation-150x150.webp\" data-gallery-id=\"1974698587\"\n\t   data-rel=\"lightGallery\" href=\"https:\/\/greevill.com\/wp-content\/uploads\/2017\/03\/Transportation.webp\" class=\"zoomGallery\"><i\n\t\t\tclass=\"fa fa-eye\"><\/i><\/a>\n<\/div>        <\/div>\n    \n        <div class=\"entry-meta-post-date\">\n                <a title=\"Transport\" href=\"https:\/\/greevill.com\/pl\/transportation\/\">\n                    <span>08<\/span>\n                    <p>mar<\/p>\n                <\/a>\n        <\/div>\n        \n        <div class=\"entry-content-wrap\" style=\"\">\n            <h3 class=\"entry-post-title\"><a title=\"Transport\"\n                                            href=\"https:\/\/greevill.com\/pl\/transportation\/\">Transport<\/a><\/h3>\n            <div class=\"entry-post-meta\">\n                <div class=\"entry-meta-author fs-12\">\n                    <span>by<\/span> <a href=\"https:\/\/greevill.com\/pl\/author\/moussaadel35gmail-com\/\">moussaadel35@gmail.com<\/a>                <\/div>\n                                    <div class=\"entry-meta-cat fs-12\"><a href=\"https:\/\/greevill.com\/pl\/category\/news\/\" rel=\"category tag\">Aktualno\u015bci<\/a> \/ <a href=\"https:\/\/greevill.com\/pl\/category\/our-services\/\" rel=\"category tag\">Nasze us\u0142ugi<\/a><\/div>\n                            <\/div>\n        <\/div>\n    <\/div>\n<\/article>\n\t\t\t\t\t<article id=\"post-5923\" class=\"post-grid clearfix post-5923 post type-post status-publish format-standard hentry category-uncategorized\">\n    <div class=\"post-item-wrap clearfix\">\n        \n    \n        <div class=\"entry-meta-post-date\">\n                <a title=\"Comment Maximiser Votre Exp&eacute;rience sur Julius Casino en Ligne\" href=\"https:\/\/greevill.com\/pl\/comment-maximiser-votre-exprience-sur-julius-casino-en-ligne\/\">\n                    <span>15<\/span>\n                    <p>wrz<\/p>\n                <\/a>\n        <\/div>\n        \n        <div class=\"entry-content-wrap\" style=\"\">\n            <h3 class=\"entry-post-title\"><a title=\"Comment Maximiser Votre Exp&eacute;rience sur Julius Casino en Ligne\"\n                                            href=\"https:\/\/greevill.com\/pl\/comment-maximiser-votre-exprience-sur-julius-casino-en-ligne\/\">Comment Maximiser Votre Exp&eacute;rience sur Julius Casino en Ligne<\/a><\/h3>\n            <div class=\"entry-post-meta\">\n                <div class=\"entry-meta-author fs-12\">\n                    <span>by<\/span> <a href=\"https:\/\/greevill.com\/pl\/author\/moussaadel35gmail-com\/\">moussaadel35@gmail.com<\/a>                <\/div>\n                                    <div class=\"entry-meta-cat fs-12\"><a href=\"https:\/\/greevill.com\/pl\/category\/uncategorized\/\" rel=\"category tag\">Bez kategorii<\/a><\/div>\n                            <\/div>\n        <\/div>\n    <\/div>\n<\/article>\n\t\t\t\t\t<article id=\"post-4617\" class=\"post-grid clearfix post-4617 post type-post status-publish format-standard hentry category-uncategorized\">\n    <div class=\"post-item-wrap clearfix\">\n        \n    \n        <div class=\"entry-meta-post-date\">\n                <a title=\"Casino BeepBeep Recenzja  Bonus 100% + 100 Darmowych Spin\u00f3w\" href=\"https:\/\/greevill.com\/pl\/casino-beepbeep-recenzja-bonus-100-100-darmowych-spinow\/\">\n                    <span>08<\/span>\n                    <p>pa\u017a<\/p>\n                <\/a>\n        <\/div>\n        \n        <div class=\"entry-content-wrap\" style=\"\">\n            <h3 class=\"entry-post-title\"><a title=\"Casino BeepBeep Recenzja  Bonus 100% + 100 Darmowych Spin\u00f3w\"\n                                            href=\"https:\/\/greevill.com\/pl\/casino-beepbeep-recenzja-bonus-100-100-darmowych-spinow\/\">Casino BeepBeep Recenzja  Bonus 100% + 100 Darmowych Spin\u00f3w<\/a><\/h3>\n            <div class=\"entry-post-meta\">\n                <div class=\"entry-meta-author fs-12\">\n                    <span>by<\/span> <a href=\"https:\/\/greevill.com\/pl\/author\/moussaadel35gmail-com\/\">moussaadel35@gmail.com<\/a>                <\/div>\n                                    <div class=\"entry-meta-cat fs-12\"><a href=\"https:\/\/greevill.com\/pl\/category\/uncategorized\/\" rel=\"category tag\">Bez kategorii<\/a><\/div>\n                            <\/div>\n        <\/div>\n    <\/div>\n<\/article>\n\t\t\t\t\t<article id=\"post-5148\" class=\"post-grid clearfix post-5148 post type-post status-publish format-standard hentry category-uncategorized\">\n    <div class=\"post-item-wrap clearfix\">\n        \n    \n        <div class=\"entry-meta-post-date\">\n                <a title=\"Jak Skorzysta\u0107 z Firespin Kasyno: Kompletny Przewodnik\" href=\"https:\/\/greevill.com\/pl\/jak-skorzystac-z-firespin-kasyno-kompletny-przewodnik\/\">\n                    <span>07<\/span>\n                    <p>kwi<\/p>\n                <\/a>\n        <\/div>\n        \n        <div class=\"entry-content-wrap\" style=\"\">\n            <h3 class=\"entry-post-title\"><a title=\"Jak Skorzysta\u0107 z Firespin Kasyno: Kompletny Przewodnik\"\n                                            href=\"https:\/\/greevill.com\/pl\/jak-skorzystac-z-firespin-kasyno-kompletny-przewodnik\/\">Jak Skorzysta\u0107 z Firespin Kasyno: Kompletny Przewodnik<\/a><\/h3>\n            <div class=\"entry-post-meta\">\n                <div class=\"entry-meta-author fs-12\">\n                    <span>by<\/span> <a href=\"https:\/\/greevill.com\/pl\/author\/moussaadel35gmail-com\/\">moussaadel35@gmail.com<\/a>                <\/div>\n                                    <div class=\"entry-meta-cat fs-12\"><a href=\"https:\/\/greevill.com\/pl\/category\/uncategorized\/\" rel=\"category tag\">Bez kategorii<\/a><\/div>\n                            <\/div>\n        <\/div>\n    <\/div>\n<\/article>\n\t\t\t<\/div>\n<\/div><\/div><\/div><\/div>\n<\/section>","protected":false},"excerpt":{"rendered":"Kasyno online Firespin oferuje wiele atrakcji dla graczy, kt\u00f3re mog\u0105 wynie\u015b\u0107 Twoje do\u015bwiadczenia hazardowe na wy\u017cszy poziom. Od rejestracji, przez korzystanie z aplikacji mobilnej, a\u017c po korzystanie z ekskluzywnych bonus\u00f3w - przynosimy pe\u0142ny przewodnik, kt\u00f3ry rozwieje ka\u017cd\u0105 w\u0105tpliwo\u015b\u0107! Wprowadzenie do \u015bwiata Firespin Kasyno Firespin Kasyno to jedno z wiod\u0105cych kasyn online, kt\u00f3re przyci\u0105ga graczy swoj\u0105 [...]","protected":false},"author":1,"featured_media":0,"parent":0,"menu_order":0,"comment_status":"closed","ping_status":"closed","template":"","meta":{"footnotes":""},"class_list":["post-3325","page","type-page","status-publish","hentry"],"_links":{"self":[{"href":"https:\/\/greevill.com\/pl\/wp-json\/wp\/v2\/pages\/3325","targetHints":{"allow":["GET"]}}],"collection":[{"href":"https:\/\/greevill.com\/pl\/wp-json\/wp\/v2\/pages"}],"about":[{"href":"https:\/\/greevill.com\/pl\/wp-json\/wp\/v2\/types\/page"}],"author":[{"embeddable":true,"href":"https:\/\/greevill.com\/pl\/wp-json\/wp\/v2\/users\/1"}],"replies":[{"embeddable":true,"href":"https:\/\/greevill.com\/pl\/wp-json\/wp\/v2\/comments?post=3325"}],"version-history":[{"count":0,"href":"https:\/\/greevill.com\/pl\/wp-json\/wp\/v2\/pages\/3325\/revisions"}],"wp:attachment":[{"href":"https:\/\/greevill.com\/pl\/wp-json\/wp\/v2\/media?parent=3325"}],"curies":[{"name":"wp","href":"https:\/\/api.w.org\/{rel}","templated":true}]}}