{"id":4394,"date":"2023-09-24T18:04:12","date_gmt":"2023-09-24T18:04:12","guid":{"rendered":"https:\/\/greevill.com\/?page_id=4394"},"modified":"2023-09-24T18:48:40","modified_gmt":"2023-09-24T18:48:40","slug":"our-services","status":"publish","type":"page","link":"https:\/\/greevill.com\/pl\/our-services\/","title":{"rendered":"Nasze us\u0142ugi"},"content":{"rendered":"<section class=\"wpb-content-wrapper\"><div class=\"vc_row wpb_row vc_row-fluid\"><div class=\"wpb_column vc_column_container vc_col-sm-12\"><div class=\"vc_column-inner\"><div class=\"wpb_wrapper\">    <div class=\"archive-wrap clearfix  archive-list\">\n        <div class=\"blog-wrap clearfix\">\n            <article id=\"post-82\" class=\"post-list clearfix post-82 post type-post status-publish format-standard has-post-thumbnail hentry category-news category-our-services\">\n    \n            <div class=\"entry-thumb-wrap\">\n            <div class=\"entry-thumbnail\">\n\t\t\t<a href=\"https:\/\/greevill.com\/pl\/transportation\/\" title=\"Transport\" class=\"entry-thumbnail-overlay\">\n\t\t\t\t\t\t<img decoding=\"async\" width='370' height='282' src=\"https:\/\/greevill.com\/wp-content\/uploads\/2017\/03\/Transportation-370x282.webp\"\n\t\t\t                                           alt=\"Transportation\" class=\"img-responsive\">\n\t\t\t\t<\/a>\n\t<a data-thumb-src=\"https:\/\/greevill.com\/wp-content\/uploads\/2017\/03\/Transportation-150x150.webp\" data-gallery-id=\"829862113\"\n\t   data-rel=\"lightGallery\" href=\"https:\/\/greevill.com\/wp-content\/uploads\/2017\/03\/Transportation.webp\" class=\"zoomGallery\"><i\n\t\t\tclass=\"fa fa-eye\"><\/i><\/a>\n<\/div>        <\/div>\n        <div class=\"entry-content-wrap\">\n        <div class=\"entry-content-padding\">\n            <div class=\"content-middle\">\n                <div class=\"content-middle-inner\">\n                    <h3 class=\"entry-post-title\"><a title=\"Transport\"\n                                                    href=\"https:\/\/greevill.com\/pl\/transportation\/\">Transport<\/a><\/h3>\n                    <div class=\"entry-post-meta\">\n            <div class=\"entry-meta-cat\"><i class=\"fa fa-folder-open\"><\/i><ul class=\"post-categories\">\n\t<li><a href=\"https:\/\/greevill.com\/pl\/category\/news\/\" rel=\"category tag\">Aktualno\u015bci<\/a><\/li>\n\t<li><a href=\"https:\/\/greevill.com\/pl\/category\/our-services\/\" rel=\"category tag\">Nasze us\u0142ugi<\/a><\/li><\/ul><\/div>\n        <div class=\"entry-meta-date\"><i class=\"fa fa-history\"><\/i>\n        <a title=\"Transport\"\n           href=\"https:\/\/greevill.com\/pl\/transportation\/\">8 marca, 2017<\/a>\n    <\/div>\n<\/div>                                        <div class=\"entry-excerpt\">\n                        <p>Greevill oferuje rzeteln\u0105 us\u0142ug\u0119 transportu l\u0105dowego, dzi\u0119ki czemu Tw\u00f3j produkt dotrze na czas, bezpiecznie i w dobrym stanie.\ndowiedz si\u0119 wi\u0119cej \u00a0<\/p>\n                    <\/div>\n                                        <a href=\"https:\/\/greevill.com\/pl\/transportation\/\" class=\"blog-read-more\">\n                        Read More                        <i class=\"fa fa-long-arrow-right\"><\/i>\n                    <\/a>\n                <\/div>\n            <\/div>\n        <\/div>\n    <\/div>\n<\/article>\n<article id=\"post-80\" class=\"post-list clearfix post-80 post type-post status-publish format-standard has-post-thumbnail hentry category-news category-our-services\">\n    \n            <div class=\"entry-thumb-wrap\">\n            <div class=\"entry-thumbnail\">\n\t\t\t<a href=\"https:\/\/greevill.com\/pl\/custom-clearance\/\" title=\"Odprawa celna\" class=\"entry-thumbnail-overlay\">\n\t\t\t\t\t\t<img decoding=\"async\" width='370' height='282' src=\"https:\/\/greevill.com\/wp-content\/uploads\/2017\/03\/custom-clearance-370x282.webp\"\n\t\t\t                                           alt=\"Custom Clearance\" class=\"img-responsive\">\n\t\t\t\t<\/a>\n\t<a data-thumb-src=\"https:\/\/greevill.com\/wp-content\/uploads\/2017\/03\/custom-clearance-150x150.webp\" data-gallery-id=\"424160441\"\n\t   data-rel=\"lightGallery\" href=\"https:\/\/greevill.com\/wp-content\/uploads\/2017\/03\/custom-clearance.webp\" class=\"zoomGallery\"><i\n\t\t\tclass=\"fa fa-eye\"><\/i><\/a>\n<\/div>        <\/div>\n        <div class=\"entry-content-wrap\">\n        <div class=\"entry-content-padding\">\n            <div class=\"content-middle\">\n                <div class=\"content-middle-inner\">\n                    <h3 class=\"entry-post-title\"><a title=\"Odprawa celna\"\n                                                    href=\"https:\/\/greevill.com\/pl\/custom-clearance\/\">Odprawa celna<\/a><\/h3>\n                    <div class=\"entry-post-meta\">\n            <div class=\"entry-meta-cat\"><i class=\"fa fa-folder-open\"><\/i><ul class=\"post-categories\">\n\t<li><a href=\"https:\/\/greevill.com\/pl\/category\/news\/\" rel=\"category tag\">Aktualno\u015bci<\/a><\/li>\n\t<li><a href=\"https:\/\/greevill.com\/pl\/category\/our-services\/\" rel=\"category tag\">Nasze us\u0142ugi<\/a><\/li><\/ul><\/div>\n        <div class=\"entry-meta-date\"><i class=\"fa fa-history\"><\/i>\n        <a title=\"Odprawa celna\"\n           href=\"https:\/\/greevill.com\/pl\/custom-clearance\/\">8 marca, 2017<\/a>\n    <\/div>\n<\/div>                                        <div class=\"entry-excerpt\">\n                        <p>Nasi niezawodni dostawcy us\u0142ug spedycyjnych (lotniczych, morskich i l\u0105dowych) pomagaj\u0105 upro\u015bci\u0107 przepisy eksportowe i formalno\u015bci w rekordowo kr\u00f3tkim czasie. Zajmujemy si\u0119 wszystkimi regulacjami handlowymi i procedurami szybko i sprawnie, aby zapewni\u0107 terminow\u0105 dostaw\u0119.<\/p>\n                    <\/div>\n                                        <a href=\"https:\/\/greevill.com\/pl\/custom-clearance\/\" class=\"blog-read-more\">\n                        Read More                        <i class=\"fa fa-long-arrow-right\"><\/i>\n                    <\/a>\n                <\/div>\n            <\/div>\n        <\/div>\n    <\/div>\n<\/article>\n<article id=\"post-78\" class=\"post-list clearfix post-78 post type-post status-publish format-standard has-post-thumbnail hentry category-news category-our-services\">\n    \n            <div class=\"entry-thumb-wrap\">\n            <div class=\"entry-thumbnail\">\n\t\t\t<a href=\"https:\/\/greevill.com\/pl\/quality-control\/\" title=\"Kontrola jako\u015bci\" class=\"entry-thumbnail-overlay\">\n\t\t\t\t\t\t<img decoding=\"async\" width='370' height='282' src=\"https:\/\/greevill.com\/wp-content\/uploads\/2017\/03\/Quality-Control-370x282.webp\"\n\t\t\t                                           alt=\"Quality Control\" class=\"img-responsive\">\n\t\t\t\t<\/a>\n\t<a data-thumb-src=\"https:\/\/greevill.com\/wp-content\/uploads\/2017\/03\/Quality-Control-150x150.webp\" data-gallery-id=\"1427065600\"\n\t   data-rel=\"lightGallery\" href=\"https:\/\/greevill.com\/wp-content\/uploads\/2017\/03\/Quality-Control.webp\" class=\"zoomGallery\"><i\n\t\t\tclass=\"fa fa-eye\"><\/i><\/a>\n<\/div>        <\/div>\n        <div class=\"entry-content-wrap\">\n        <div class=\"entry-content-padding\">\n            <div class=\"content-middle\">\n                <div class=\"content-middle-inner\">\n                    <h3 class=\"entry-post-title\"><a title=\"Kontrola jako\u015bci\"\n                                                    href=\"https:\/\/greevill.com\/pl\/quality-control\/\">Kontrola jako\u015bci<\/a><\/h3>\n                    <div class=\"entry-post-meta\">\n            <div class=\"entry-meta-cat\"><i class=\"fa fa-folder-open\"><\/i><ul class=\"post-categories\">\n\t<li><a href=\"https:\/\/greevill.com\/pl\/category\/news\/\" rel=\"category tag\">Aktualno\u015bci<\/a><\/li>\n\t<li><a href=\"https:\/\/greevill.com\/pl\/category\/our-services\/\" rel=\"category tag\">Nasze us\u0142ugi<\/a><\/li><\/ul><\/div>\n        <div class=\"entry-meta-date\"><i class=\"fa fa-history\"><\/i>\n        <a title=\"Kontrola jako\u015bci\"\n           href=\"https:\/\/greevill.com\/pl\/quality-control\/\">8 marca, 2017<\/a>\n    <\/div>\n<\/div>                                        <div class=\"entry-excerpt\">\n                        <p>Zbierane z trosk\u0105 i dba\u0142o\u015bci\u0105 o absolutn\u0105 higien\u0119 pracy - wszystkie nasze surowce s\u0105 dostarczane z farmy do naszych fabryk w kontrolowanych ekologicznie, ch\u0142odniczych ci\u0119\u017car\u00f3wkach. Nast\u0119pnie s\u0105 poddawane rygorystycznemu procesowi kontroli jako\u015bci przed przetworzeniem w naszych zak\u0142adach. Aby zapewni\u0107 produkt ko\u0144cowy o najwy\u017cszej jako\u015bci i sp\u00f3jno\u015bci, wszystkie procedury produkcyjne Greevill s\u0105 monitorowane przez ISO 9001\/22000, HACCP i nasz System Zapewnienia Jako\u015bci, kt\u00f3ry zosta\u0142 r\u00f3wnie\u017c certyfikowany przez bia\u0142\u0105 list\u0119.<\/p>\n                    <\/div>\n                                        <a href=\"https:\/\/greevill.com\/pl\/quality-control\/\" class=\"blog-read-more\">\n                        Read More                        <i class=\"fa fa-long-arrow-right\"><\/i>\n                    <\/a>\n                <\/div>\n            <\/div>\n        <\/div>\n    <\/div>\n<\/article>\n<article id=\"post-76\" class=\"post-list clearfix post-76 post type-post status-publish format-standard has-post-thumbnail hentry category-news category-our-services\">\n    \n            <div class=\"entry-thumb-wrap\">\n            <div class=\"entry-thumbnail\">\n\t\t\t<a href=\"https:\/\/greevill.com\/pl\/shipping\/\" title=\"Dostawa\" class=\"entry-thumbnail-overlay\">\n\t\t\t\t\t\t<img decoding=\"async\" width='370' height='282' src=\"https:\/\/greevill.com\/wp-content\/uploads\/2023\/09\/image-370x282.png\"\n\t\t\t                                           alt=\"Shipping\" class=\"img-responsive\">\n\t\t\t\t<\/a>\n\t<a data-thumb-src=\"https:\/\/greevill.com\/wp-content\/uploads\/2023\/09\/image-150x150.png\" data-gallery-id=\"998133729\"\n\t   data-rel=\"lightGallery\" href=\"https:\/\/greevill.com\/wp-content\/uploads\/2023\/09\/image.png\" class=\"zoomGallery\"><i\n\t\t\tclass=\"fa fa-eye\"><\/i><\/a>\n<\/div>        <\/div>\n        <div class=\"entry-content-wrap\">\n        <div class=\"entry-content-padding\">\n            <div class=\"content-middle\">\n                <div class=\"content-middle-inner\">\n                    <h3 class=\"entry-post-title\"><a title=\"Dostawa\"\n                                                    href=\"https:\/\/greevill.com\/pl\/shipping\/\">Dostawa<\/a><\/h3>\n                    <div class=\"entry-post-meta\">\n            <div class=\"entry-meta-cat\"><i class=\"fa fa-folder-open\"><\/i><ul class=\"post-categories\">\n\t<li><a href=\"https:\/\/greevill.com\/pl\/category\/news\/\" rel=\"category tag\">Aktualno\u015bci<\/a><\/li>\n\t<li><a href=\"https:\/\/greevill.com\/pl\/category\/our-services\/\" rel=\"category tag\">Nasze us\u0142ugi<\/a><\/li><\/ul><\/div>\n        <div class=\"entry-meta-date\"><i class=\"fa fa-history\"><\/i>\n        <a title=\"Dostawa\"\n           href=\"https:\/\/greevill.com\/pl\/shipping\/\">8 marca, 2017<\/a>\n    <\/div>\n<\/div>                                        <div class=\"entry-excerpt\">\n                        <p>Nasze us\u0142ugi wysy\u0142kowe obejmuj\u0105 import i eksport \u0142adunk\u00f3w lotniczych oraz import i eksport \u0142adunk\u00f3w morskich. Dzi\u0119ki naszemu wysoko wykwalifikowanemu zespo\u0142owi logistyk\u00f3w i spedytor\u00f3w, kt\u00f3rzy specjalizuj\u0105 si\u0119 w obs\u0142udze nawet najbardziej wra\u017cliwych \u0142adunk\u00f3w, zapewniamy bezpieczn\u0105, terminow\u0105 dostaw\u0119 - za ka\u017cdym razem!<\/p>\n                    <\/div>\n                                        <a href=\"https:\/\/greevill.com\/pl\/shipping\/\" class=\"blog-read-more\">\n                        Read More                        <i class=\"fa fa-long-arrow-right\"><\/i>\n                    <\/a>\n                <\/div>\n            <\/div>\n        <\/div>\n    <\/div>\n<\/article>\n        <\/div>\n        <div class=\"paging-navigation-wrap clearfix\">\n        <div class=\"posts-per-page\">\n        Show <span>4 Items<\/span> of 4 Items    <\/div>\n    <div class=\"paging-navigation\">\n            <\/div>\n<\/div>\n    <\/div>\n<\/div><\/div><\/div><\/div>\n<\/section>","protected":false},"excerpt":{"rendered":"Nasze us\u0142ugi wysy\u0142kowe obejmuj\u0105 import i eksport \u0142adunk\u00f3w lotniczych oraz import i eksport \u0142adunk\u00f3w morskich. Dzi\u0119ki naszemu wysoko wykwalifikowanemu zespo\u0142owi logistyk\u00f3w i spedytor\u00f3w, kt\u00f3rzy specjalizuj\u0105 si\u0119 w obs\u0142udze nawet najbardziej wra\u017cliwych \u0142adunk\u00f3w, zapewniamy bezpieczn\u0105, terminow\u0105 dostaw\u0119 - za ka\u017cdym razem!","protected":false},"author":1,"featured_media":0,"parent":0,"menu_order":0,"comment_status":"closed","ping_status":"closed","template":"","meta":{"footnotes":""},"class_list":["post-4394","page","type-page","status-publish","hentry"],"_links":{"self":[{"href":"https:\/\/greevill.com\/pl\/wp-json\/wp\/v2\/pages\/4394","targetHints":{"allow":["GET"]}}],"collection":[{"href":"https:\/\/greevill.com\/pl\/wp-json\/wp\/v2\/pages"}],"about":[{"href":"https:\/\/greevill.com\/pl\/wp-json\/wp\/v2\/types\/page"}],"author":[{"embeddable":true,"href":"https:\/\/greevill.com\/pl\/wp-json\/wp\/v2\/users\/1"}],"replies":[{"embeddable":true,"href":"https:\/\/greevill.com\/pl\/wp-json\/wp\/v2\/comments?post=4394"}],"version-history":[{"count":4,"href":"https:\/\/greevill.com\/pl\/wp-json\/wp\/v2\/pages\/4394\/revisions"}],"predecessor-version":[{"id":4410,"href":"https:\/\/greevill.com\/pl\/wp-json\/wp\/v2\/pages\/4394\/revisions\/4410"}],"wp:attachment":[{"href":"https:\/\/greevill.com\/pl\/wp-json\/wp\/v2\/media?parent=4394"}],"curies":[{"name":"wp","href":"https:\/\/api.w.org\/{rel}","templated":true}]}}