{"id":4399,"date":"2023-09-24T18:07:56","date_gmt":"2023-09-24T18:07:56","guid":{"rendered":"https:\/\/greevill.com\/?page_id=4399"},"modified":"2023-09-24T18:51:18","modified_gmt":"2023-09-24T18:51:18","slug":"news","status":"publish","type":"page","link":"https:\/\/greevill.com\/pl\/news\/","title":{"rendered":"Aktualno\u015bci"},"content":{"rendered":"<section class=\"wpb-content-wrapper\"><div class=\"vc_row wpb_row vc_row-fluid\"><div class=\"wpb_column vc_column_container vc_col-sm-12\"><div class=\"vc_column-inner\"><div class=\"wpb_wrapper\">    <div class=\"archive-wrap clearfix  archive-list\">\n        <div class=\"blog-wrap clearfix\">\n            <article id=\"post-5921\" class=\"post-list clearfix post-5921 post type-post status-publish format-standard hentry category-public\">\n    \n        <div class=\"entry-content-wrap\">\n        <div class=\"entry-content-padding\">\n            <div class=\"content-middle\">\n                <div class=\"content-middle-inner\">\n                    <h3 class=\"entry-post-title\"><a title=\"Technol\u00f3gie, ktor\u00e9 menia sp\u00f4sob hrania hazardn\u00fdch hier\"\n                                                    href=\"https:\/\/greevill.com\/pl\/technologie-ktore-menia-sposob-hrania-hazardnych\/\">Technol\u00f3gie, ktor\u00e9 menia sp\u00f4sob hrania hazardn\u00fdch hier<\/a><\/h3>\n                    <div class=\"entry-post-meta\">\n            <div class=\"entry-meta-cat\"><i class=\"fa fa-folder-open\"><\/i><ul class=\"post-categories\">\n\t<li><a href=\"https:\/\/greevill.com\/pl\/category\/public\/\" rel=\"category tag\">Public<\/a><\/li><\/ul><\/div>\n        <div class=\"entry-meta-date\"><i class=\"fa fa-history\"><\/i>\n        <a title=\"Technol\u00f3gie, ktor\u00e9 menia sp\u00f4sob hrania hazardn\u00fdch hier\"\n           href=\"https:\/\/greevill.com\/pl\/technologie-ktore-menia-sposob-hrania-hazardnych\/\">19 stycznia, 2026<\/a>\n    <\/div>\n<\/div>                                        <div class=\"entry-excerpt\">\n                        <p>Technol\u00f3gie, ktor\u00e9 menia sp\u00f4sob hrania hazardn\u00fdch hier Rozvoj online kas\u00edn a mobiln\u00fdch platforiem V posledn\u00fdch rokoch sa hazardn\u00e9 hry presunuli z tradi\u010dn\u00fdch kamenn\u00fdch kas\u00edn do online prostredia. Tento prechod priniesol obrovsk\u00e9 zmeny v tom, ako si hr\u00e1\u010di vychutn\u00e1vaj\u00fa svoje ob\u013e\u00faben\u00e9 hry. Online kas\u00edna pon\u00fakaj\u00fa \u0161ir\u0161\u00ed v\u00fdber hier a \u010dasto aj lep\u0161ie bonusy a v\u00fdhody pre [&hellip;]<\/p>\n                    <\/div>\n                                        <a href=\"https:\/\/greevill.com\/pl\/technologie-ktore-menia-sposob-hrania-hazardnych\/\" class=\"blog-read-more\">\n                        Read More                        <i class=\"fa fa-long-arrow-right\"><\/i>\n                    <\/a>\n                <\/div>\n            <\/div>\n        <\/div>\n    <\/div>\n<\/article>\n<article id=\"post-5919\" class=\"post-list clearfix post-5919 post type-post status-publish format-standard hentry category-uncategorized\">\n    \n        <div class=\"entry-content-wrap\">\n        <div class=\"entry-content-padding\">\n            <div class=\"content-middle\">\n                <div class=\"content-middle-inner\">\n                    <h3 class=\"entry-post-title\"><a title=\"Rabbit Road \u2013 Warum so beliebt f\u00fcr deutsche Spieler\"\n                                                    href=\"https:\/\/greevill.com\/pl\/rabbit-road-warum-so-beliebt-fur-deutsche-spieler\/\">Rabbit Road \u2013 Warum so beliebt f\u00fcr deutsche Spieler<\/a><\/h3>\n                    <div class=\"entry-post-meta\">\n            <div class=\"entry-meta-cat\"><i class=\"fa fa-folder-open\"><\/i><ul class=\"post-categories\">\n\t<li><a href=\"https:\/\/greevill.com\/pl\/category\/uncategorized\/\" rel=\"category tag\">Bez kategorii<\/a><\/li><\/ul><\/div>\n        <div class=\"entry-meta-date\"><i class=\"fa fa-history\"><\/i>\n        <a title=\"Rabbit Road \u2013 Warum so beliebt f\u00fcr deutsche Spieler\"\n           href=\"https:\/\/greevill.com\/pl\/rabbit-road-warum-so-beliebt-fur-deutsche-spieler\/\">19 stycznia, 2026<\/a>\n    <\/div>\n<\/div>                                        <div class=\"entry-excerpt\">\n                        <p>Bei der Bewertung den Sektor der digitalen Unterhaltung kommt zum Vorschein, warum dieser Spielautomat mit Originalit\u00e4t fasziniert. Mit Rabbit Road steht eine spezialisierte Plattform zur Verf\u00fcgung, die h\u00f6chste Standards erf\u00fcllt. Mit seiner thematischen Ausrichtung spricht das Spiel eine breite Zielgruppe an und bietet f\u00fcr jeden etwas Passendes. Das Konzept verbindet klassische Spielelemente mit innovativen Features [&hellip;]<\/p>\n                    <\/div>\n                                        <a href=\"https:\/\/greevill.com\/pl\/rabbit-road-warum-so-beliebt-fur-deutsche-spieler\/\" class=\"blog-read-more\">\n                        Read More                        <i class=\"fa fa-long-arrow-right\"><\/i>\n                    <\/a>\n                <\/div>\n            <\/div>\n        <\/div>\n    <\/div>\n<\/article>\n<article id=\"post-5917\" class=\"post-list clearfix post-5917 post type-post status-publish format-standard hentry category-uncategorized\">\n    \n        <div class=\"entry-content-wrap\">\n        <div class=\"entry-content-padding\">\n            <div class=\"content-middle\">\n                <div class=\"content-middle-inner\">\n                    <h3 class=\"entry-post-title\"><a title=\"Unieke Rabbit Road Slot Machine op je Smartphone\"\n                                                    href=\"https:\/\/greevill.com\/pl\/unieke-rabbit-road-slot-machine-op-je-smartphone\/\">Unieke Rabbit Road Slot Machine op je Smartphone<\/a><\/h3>\n                    <div class=\"entry-post-meta\">\n            <div class=\"entry-meta-cat\"><i class=\"fa fa-folder-open\"><\/i><ul class=\"post-categories\">\n\t<li><a href=\"https:\/\/greevill.com\/pl\/category\/uncategorized\/\" rel=\"category tag\">Bez kategorii<\/a><\/li><\/ul><\/div>\n        <div class=\"entry-meta-date\"><i class=\"fa fa-history\"><\/i>\n        <a title=\"Unieke Rabbit Road Slot Machine op je Smartphone\"\n           href=\"https:\/\/greevill.com\/pl\/unieke-rabbit-road-slot-machine-op-je-smartphone\/\">19 stycznia, 2026<\/a>\n    <\/div>\n<\/div>                                        <div class=\"entry-excerpt\">\n                        <p>Als we analyseren het brede portfolio van online gaming opties, merken we op dat Rabbit Road zich profileert met distinctieve features. De ontwikkeling van Rabbit Road focust op optimale gebruikerservaring. Technische innovaties worden gecombineerd met bewezen gaming mechanica. Dit maakt het een interessante optie voor zowel beginners als ervaren spelers. Gameplay Suggesties Om succes te [&hellip;]<\/p>\n                    <\/div>\n                                        <a href=\"https:\/\/greevill.com\/pl\/unieke-rabbit-road-slot-machine-op-je-smartphone\/\" class=\"blog-read-more\">\n                        Read More                        <i class=\"fa fa-long-arrow-right\"><\/i>\n                    <\/a>\n                <\/div>\n            <\/div>\n        <\/div>\n    <\/div>\n<\/article>\n<article id=\"post-5913\" class=\"post-list clearfix post-5913 post type-post status-publish format-standard hentry category-uncategorized\">\n    \n        <div class=\"entry-content-wrap\">\n        <div class=\"entry-content-padding\">\n            <div class=\"content-middle\">\n                <div class=\"content-middle-inner\">\n                    <h3 class=\"entry-post-title\"><a title=\"Rabbit Road &#8211; Volledige breakdown van alle aspecten &#8211; Premium versie\"\n                                                    href=\"https:\/\/greevill.com\/pl\/rabbit-road-volledige-breakdown-van-alle-aspecten-premium-versie\/\">Rabbit Road &#8211; Volledige breakdown van alle aspecten &#8211; Premium versie<\/a><\/h3>\n                    <div class=\"entry-post-meta\">\n            <div class=\"entry-meta-cat\"><i class=\"fa fa-folder-open\"><\/i><ul class=\"post-categories\">\n\t<li><a href=\"https:\/\/greevill.com\/pl\/category\/uncategorized\/\" rel=\"category tag\">Bez kategorii<\/a><\/li><\/ul><\/div>\n        <div class=\"entry-meta-date\"><i class=\"fa fa-history\"><\/i>\n        <a title=\"Rabbit Road &#8211; Volledige breakdown van alle aspecten &#8211; Premium versie\"\n           href=\"https:\/\/greevill.com\/pl\/rabbit-road-volledige-breakdown-van-alle-aspecten-premium-versie\/\">19 stycznia, 2026<\/a>\n    <\/div>\n<\/div>                                        <div class=\"entry-excerpt\">\n                        <p>Op zoek naar spannende gaming ervaringen? Dan is hoogwaardige casino entertainment, een fascinerende ervaring die aandacht verdient van kenners. Binnen deze categorie neemt Rabbit Road Nederland een onderscheidende positie in door zorgvuldige aandacht voor detail. We bekijken wat Rabbit Road te bieden heeft op het gebied van gameplay, features en algehele spelervaring. In deze uitgebreide [&hellip;]<\/p>\n                    <\/div>\n                                        <a href=\"https:\/\/greevill.com\/pl\/rabbit-road-volledige-breakdown-van-alle-aspecten-premium-versie\/\" class=\"blog-read-more\">\n                        Read More                        <i class=\"fa fa-long-arrow-right\"><\/i>\n                    <\/a>\n                <\/div>\n            <\/div>\n        <\/div>\n    <\/div>\n<\/article>\n        <\/div>\n            <\/div>\n<\/div><\/div><\/div><\/div>\n<\/section>","protected":false},"excerpt":{"rendered":"Op zoek naar spannende gaming ervaringen? Dan is hoogwaardige casino entertainment, een fascinerende ervaring die aandacht verdient van kenners. Binnen deze categorie neemt Rabbit Road Nederland een onderscheidende positie in door zorgvuldige aandacht voor detail. We bekijken wat Rabbit Road te bieden heeft op het gebied van gameplay, features en algehele spelervaring. In deze uitgebreide [...]","protected":false},"author":1,"featured_media":0,"parent":0,"menu_order":0,"comment_status":"closed","ping_status":"closed","template":"","meta":{"footnotes":""},"class_list":["post-4399","page","type-page","status-publish","hentry"],"_links":{"self":[{"href":"https:\/\/greevill.com\/pl\/wp-json\/wp\/v2\/pages\/4399","targetHints":{"allow":["GET"]}}],"collection":[{"href":"https:\/\/greevill.com\/pl\/wp-json\/wp\/v2\/pages"}],"about":[{"href":"https:\/\/greevill.com\/pl\/wp-json\/wp\/v2\/types\/page"}],"author":[{"embeddable":true,"href":"https:\/\/greevill.com\/pl\/wp-json\/wp\/v2\/users\/1"}],"replies":[{"embeddable":true,"href":"https:\/\/greevill.com\/pl\/wp-json\/wp\/v2\/comments?post=4399"}],"version-history":[{"count":4,"href":"https:\/\/greevill.com\/pl\/wp-json\/wp\/v2\/pages\/4399\/revisions"}],"predecessor-version":[{"id":4411,"href":"https:\/\/greevill.com\/pl\/wp-json\/wp\/v2\/pages\/4399\/revisions\/4411"}],"wp:attachment":[{"href":"https:\/\/greevill.com\/pl\/wp-json\/wp\/v2\/media?parent=4399"}],"curies":[{"name":"wp","href":"https:\/\/api.w.org\/{rel}","templated":true}]}}