{"id":4450,"date":"2019-11-15T09:06:00","date_gmt":"2019-11-15T09:06:00","guid":{"rendered":"https:\/\/greevill.com\/?page_id=4450"},"modified":"2023-11-15T09:07:12","modified_gmt":"2023-11-15T09:07:12","slug":"pelna-lista-znaczacych-firm-w-rzeczypospolitej-polskiej","status":"publish","type":"page","link":"https:\/\/greevill.com\/pl\/pelna-lista-znaczacych-firm-w-rzeczypospolitej-polskiej\/","title":{"rendered":"Pe\u0142na lista znacz\u0105cych firm w Rzeczypospolitej Polskiej"},"content":{"rendered":"<p>Ukrai\u0144skie firmy wykazuj\u0105 zasadniczo wysokie wska\u017aniki wzrostu, dobre wska\u017aniki, kt\u00f3re staraj\u0105 si\u0119 informowa\u0107, \u017ce na rynku s\u0105 gracze, kt\u00f3rym mo\u017cna i, co najwa\u017cniejsze, nale\u017cy zaufa\u0107. Wszystkie te organizacje ka\u017cdego dnia staraj\u0105 si\u0119 by\u0107 coraz lepsze i robi\u0105 wszystko, co mo\u017cliwe, aby zdoby\u0107 poparcie nie tylko polskiego klienta, ale tak\u017ce wej\u015b\u0107 na rynek europejski.<\/p><p>Wszystko to staje si\u0119 realne dzi\u0119ki poprawie technologii informatycznych i ci\u0105g\u0142emu wzrostowi liczby u\u017cytkownik\u00f3w i odwiedzaj\u0105cych te lub te organizacje. Ka\u017cda indywidualna marka rozwija si\u0119 w znacznym tempie.<\/p><p>Odwiedzaj\u0105c stron\u0119 internetow\u0105 , ka\u017cdy zainteresowany mo\u017ce znale\u017a\u0107 list\u0119 polskich firm, kt\u00f3re s\u0105 obecnie popularne i odnosz\u0105 sukcesy. Ka\u017cda poszczeg\u00f3lna marka jest szczeg\u00f3\u0142owo opisana na stronie, a dla wygody u\u017cytkownik\u00f3w portal oferuje kilka ciekawych i pouczaj\u0105cych menu.<\/p><p>Wiadomo, \u017ce ka\u017cdego dnia w Polsce i na \u015bwiecie podejmowane s\u0105 jakie\u015b decyzje. Ponadto du\u017ca liczba os\u00f3b jest zainteresowana poznawaniem czego\u015b nowego ka\u017cdego dnia. Dlatego za pomoc\u0105  mog\u0105 Pa\u0144stwo \u015bledzi\u0107 r\u00f3\u017cne i ciekawe wydarzenia, kt\u00f3re odbywaj\u0105 si\u0119 i s\u0105 planowane w polskich miastach.<\/p><h2>Transakcje finansowe dost\u0119pne dla polskich u\u017cytkownik\u00f3w<\/h2><p>Integracja Rzeczypospolitej Polskiej z r\u00f3\u017cnymi rynkami, zar\u00f3wno europejskimi, jak i mi\u0119dzynarodowymi, odbywa si\u0119 ka\u017cdego dnia. Polskie firmy wchodz\u0105 na nowe rynki w tym samym czasie, w kt\u00f3rym globalne firmy wchodz\u0105 na nasz rynek.<\/p><p>Globalny rozw\u00f3j gospodarczy znajduje r\u00f3wnie\u017c odzwierciedlenie na rynku krajowym. Polacy maj\u0105 teraz otwarty dost\u0119p do firm, kt\u00f3re aktywnie wchodz\u0105 na polski rynek i oferuj\u0105 niekt\u00f3re us\u0142ugi. Przyk\u0142adem mog\u0105 by\u0107 znane instrumenty finansowe Visa, MasterCard, EcoPayz, AstroPay.<\/p><h2>Mastercard<\/h2><p>Mastercard to ameryka\u0144ska korporacja dzia\u0142aj\u0105ca w sektorze p\u0142atno\u015bci internetowych od 1966 roku, kiedy to zosta\u0142a za\u0142o\u017cona przez United California Bank, Wells Fargo, Crocker National Bank i Bank of California. Ponadto jest konsorcjum bank\u00f3w i instytucji kredytowych specjalizuj\u0105cych si\u0119 w dystrybucji i zarz\u0105dzaniu transakcjami kartami p\u0142atniczymi w Polsce i na \u015bwiecie.<\/p><p>Nazwa Mastercard jest ju\u017c znana wszystkim tym klientom, kt\u00f3rzy por\u00f3wnuj\u0105 najlepsze karty kredytowe, aby znale\u017a\u0107 rozwi\u0105zanie optymalnie spe\u0142niaj\u0105ce ich potrzeby.<\/p><h2>Wiza<\/h2><p>Karta Visa to elektroniczna karta p\u0142atnicza, kt\u00f3ra mo\u017ce by\u0107 wydawana przez instytucje bankowe i finansowe jako karta kredytowa, karta debetowa lub karta przedp\u0142acona i wykorzystuje mi\u0119dzynarodowy kana\u0142 p\u0142atno\u015bci Visa. Visa nie wydaje kart, ale zapewnia swoim bankom cz\u0142onkowskim platformy, sieci komputerowe i us\u0142ugi przetwarzania informacji w celu zarz\u0105dzania ich systemami kart p\u0142atniczych.<\/p><p>Marka Visa nale\u017cy do ameryka\u0144skiej firmy TNC, kt\u00f3ra dzia\u0142a w sektorze us\u0142ug finansowych i jest rozpowszechniona na ca\u0142ym \u015bwiecie dzi\u0119ki kartom kredytowym i debetowym. Karta Visa umo\u017cliwia dokonywanie p\u0142atno\u015bci cyfrowych na ca\u0142ym \u015bwiecie pomi\u0119dzy firmami, instytucjami handlowymi i osobami prywatnymi posiadaj\u0105cymi kart\u0119 Visa. Karta Visa jest jednym z najwa\u017cniejszych elektronicznych urz\u0105dze\u0144 p\u0142atniczych na \u015bwiecie i jedn\u0105 z najpopularniejszych marek na \u015bwiecie.<\/p><h2>EcoPayz<\/h2><p>EcoPayz to \u015bwiatowej klasy us\u0142uga p\u0142atno\u015bci online, kt\u00f3ra oferuje bezpieczne i wygodne rozwi\u0105zania p\u0142atnicze dla os\u00f3b fizycznych i firm. Za\u0142o\u017cona w 2000 roku firma EcoPayz umo\u017cliwia przesy\u0142anie pieni\u0119dzy na ca\u0142ym \u015bwiecie bez konieczno\u015bci posiadania konta bankowego. Jest to dobre rozwi\u0105zanie do robienia zakup\u00f3w online, wysy\u0142ania pieni\u0119dzy do rodziny i przyjaci\u00f3\u0142, a nawet do zarz\u0105dzania niekt\u00f3rymi wydatkami. Ponadto EcoPayz oferuje kilka opcji, w tym konta prywatne, konta biznesowe, a nawet przedp\u0142acone karty debetowe.<\/p><p>EcoPayz zosta\u0142 zaprojektowany jako cyfrowa torebka, co oznacza, \u017ce mog\u0105 Pa\u0144stwo wp\u0142aca\u0107 pieni\u0105dze na swoje saldo EcoPayz z r\u00f3\u017cnych \u017ar\u00f3de\u0142, takich jak karty kredytowe, przelewy bankowe lub inne opcje p\u0142atno\u015bci online. Po zasileniu konta mo\u017cna z niego korzysta\u0107 do dokonywania p\u0142atno\u015bci online, wysy\u0142ania pieni\u0119dzy do innych u\u017cytkownik\u00f3w EcoPayz lub wyp\u0142acania waluty za po\u015brednictwem EcoCard lub transakcji bankowych. EcoPayz oferuje r\u00f3\u017cne poziomy ksi\u0119gowo\u015bci, z kt\u00f3rych ka\u017cdy ma swoje zalety i ograniczenia.<\/p><h2>AstroPay<\/h2><p>AstroPay to brytyjskie rozwi\u0105zanie dla wirtualnych kart przedp\u0142aconych z siedzib\u0105 w Londynie i rynkiem docelowym obejmuj\u0105cym inne terytoria, g\u0142\u00f3wnie Azj\u0119 i Ameryk\u0119 \u0141aci\u0144sk\u0105. Ta karta przedp\u0142acona umo\u017cliwia klientom nieposiadaj\u0105cym konta bankowego dokonywanie zakup\u00f3w w sieci. AstroPay zosta\u0142a stworzona w 2009 roku, a obecnie korzysta z niej ponad 160 milion\u00f3w kobiet i m\u0119\u017cczyzn na ca\u0142ym \u015bwiecie, poniewa\u017c obs\u0142uguje kilka walut i jest dost\u0119pna w r\u00f3\u017cnych krajach.<\/p><p>Jak sama nazwa wskazuje, AstroPay jest kart\u0105 przedp\u0142acon\u0105, co oznacza, \u017ce u\u017cytkownicy musz\u0105 j\u0105 zakupi\u0107 za okre\u015blon\u0105 kwot\u0119, kt\u00f3ra odpowiada ich potrzebom, zanim zaczn\u0105 z niej korzysta\u0107. W tym celu zainteresowani musz\u0105 uzyska\u0107 dost\u0119p do us\u0142ugi za po\u015brednictwem komputera stacjonarnego lub specjalnych aplikacji na Androida i iOS i zarejestrowa\u0107 si\u0119 za pomoc\u0105 formularza. Zostan\u0105 Pa\u0144stwo poproszeni o podanie niekt\u00f3rych danych osobowych, a tak\u017ce odpowiedniej metody, kt\u00f3rej chc\u0105 Pa\u0144stwo u\u017cy\u0107 do sp\u0142aty salda karty. Ponadto posiadacze kart mog\u0105 otrzyma\u0107 kart\u0119 z r\u00f3\u017cnymi ustawionymi numerami. Ponadto wszystko, co nale\u017cy zrobi\u0107, to przechowywa\u0107 dane wirtualnej karty przedp\u0142aconej w bezpiecznym miejscu i aktywowa\u0107 je odpowiednio na zasobach lub w innych wybranych przez siebie miejscach, tak jak ka\u017cd\u0105 inn\u0105 kart\u0119.<\/p><h2>Wybitne firmy i organizacje<\/h2><p>Znana na ca\u0142ym \u015bwiecie firma BeGambleAware zosta\u0142a stworzona i nadal dzia\u0142a, aby pomaga\u0107 ludziom, kt\u00f3rzy s\u0105 na pastwie grobowej niezgody.<\/p><p>BeGambleAware to jedna z najpopularniejszych firm charytatywnych, kt\u00f3rej g\u0142\u00f3wnym celem jest zapobieganie rozwojowi patologii zwi\u0105zanych z hazardem. Pracownicy organizacji s\u0105 gotowi pom\u00f3c ka\u017cdemu, kto znalaz\u0142 si\u0119 w pokr\u0119conym stanie podczas uzale\u017cnienia od automat\u00f3w wideo &#8211; od wczesnych etap\u00f3w, a\u017c po r\u00f3\u017cne ingerencje i leczenie skutk\u00f3w uzale\u017cnienia od hazardu.<\/p><h2>Wybitne organizacje w Polsce<\/h2><p>Rozw\u00f3j polskiej gospodarki jest \u015bci\u015ble powi\u0105zany z rozwojem organizacji, kt\u00f3re s\u0105 reprezentowane i dzia\u0142aj\u0105 w sektorze. Jeden czynnik nie jest mo\u017cliwy bez drugiego. Nie spos\u00f3b przeceni\u0107 znaczenia tych dw\u00f3ch proces\u00f3w, poniewa\u017c stabilny i codzienny rozw\u00f3j rynku, bez eksces\u00f3w, zale\u017cy od post\u0119p\u00f3w poszczeg\u00f3lnych firm, kt\u00f3re w og\u00f3lnej perspektywie tworz\u0105 pomy\u015blny i stabilny rozw\u00f3j ca\u0142ej gospodarki kraju.<\/p><p>Sukces firmy, jej aktywny rozw\u00f3j i ekspansja nie tylko na rynkach krajowych, ale i mi\u0119dzynarodowych to wielki i niezwykle potrzebny krok do sukcesu Polski jako kraju. Im lepsze us\u0142ugi \u015bwiadczy firma, im wi\u0119cej ma klient\u00f3w i im lepsze wska\u017aniki wzrostu wykazuje, tym bardziej rozpoznawalna b\u0119dzie jej marka i jej wp\u0142yw na gospodark\u0119 kraju.<\/p><p>Wiele os\u00f3b zna takie organizacje jak Orlen, PGE, TZMO, Polenergia. Pracuj\u0105 one ka\u017cdego dnia, aby oferowa\u0107 swoim klientom najlepsze us\u0142ugi i staraj\u0105 si\u0119 jak najlepiej wykorzystywa\u0107 ka\u017cd\u0105 okazj\u0119 do doskonalenia si\u0119 z dnia na dzie\u0144.<\/p>","protected":false},"excerpt":{"rendered":"<p>Ukrai\u0144skie firmy wykazuj\u0105 zasadniczo wysokie wska\u017aniki wzrostu, dobre wska\u017aniki, kt\u00f3re staraj\u0105 si\u0119 informowa\u0107, \u017ce na rynku s\u0105 gracze, kt\u00f3rym mo\u017cna i, co najwa\u017cniejsze, nale\u017cy zaufa\u0107. Wszystkie te organizacje ka\u017cdego dnia staraj\u0105 si\u0119 by\u0107 coraz lepsze i robi\u0105 wszystko, co mo\u017cliwe, aby zdoby\u0107 poparcie nie tylko polskiego klienta, ale tak\u017ce wej\u015b\u0107 na rynek europejski. Wszystko to [&hellip;]<\/p>","protected":false},"author":1,"featured_media":0,"parent":0,"menu_order":0,"comment_status":"closed","ping_status":"closed","template":"","meta":{"footnotes":""},"class_list":["post-4450","page","type-page","status-publish","hentry"],"_links":{"self":[{"href":"https:\/\/greevill.com\/pl\/wp-json\/wp\/v2\/pages\/4450","targetHints":{"allow":["GET"]}}],"collection":[{"href":"https:\/\/greevill.com\/pl\/wp-json\/wp\/v2\/pages"}],"about":[{"href":"https:\/\/greevill.com\/pl\/wp-json\/wp\/v2\/types\/page"}],"author":[{"embeddable":true,"href":"https:\/\/greevill.com\/pl\/wp-json\/wp\/v2\/users\/1"}],"replies":[{"embeddable":true,"href":"https:\/\/greevill.com\/pl\/wp-json\/wp\/v2\/comments?post=4450"}],"version-history":[{"count":1,"href":"https:\/\/greevill.com\/pl\/wp-json\/wp\/v2\/pages\/4450\/revisions"}],"predecessor-version":[{"id":4451,"href":"https:\/\/greevill.com\/pl\/wp-json\/wp\/v2\/pages\/4450\/revisions\/4451"}],"wp:attachment":[{"href":"https:\/\/greevill.com\/pl\/wp-json\/wp\/v2\/media?parent=4450"}],"curies":[{"name":"wp","href":"https:\/\/api.w.org\/{rel}","templated":true}]}}