{"id":94,"date":"2017-03-08T07:37:43","date_gmt":"2017-03-08T07:37:43","guid":{"rendered":"https:\/\/greevill.com\/?page_id=94"},"modified":"2017-03-08T07:37:43","modified_gmt":"2017-03-08T07:37:43","slug":"blog-large-image-left-sidebar","status":"publish","type":"page","link":"https:\/\/greevill.com\/pl\/blog-large-image-left-sidebar\/","title":{"rendered":"Blog Large Image Left Sidebar"},"content":{"rendered":"<section class=\"wpb-content-wrapper\"><div class=\"vc_row wpb_row vc_row-fluid\"><div class=\"wpb_column vc_column_container vc_col-sm-12\"><div class=\"vc_column-inner\"><div class=\"wpb_wrapper\">    <div class=\"archive-wrap clearfix  archive-large-image\">\n        <div class=\"blog-wrap clearfix\">\n            <article id=\"post-5921\" class=\"post-large-image clearfix post-5921 post type-post status-publish format-standard hentry category-public\">\n    \n        <div class=\"entry-content-wrap\">\n        <h3 class=\"entry-post-title\"><a title=\"Technol\u00f3gie, ktor\u00e9 menia sp\u00f4sob hrania hazardn\u00fdch hier\"\n                                        href=\"https:\/\/greevill.com\/pl\/technologie-ktore-menia-sposob-hrania-hazardnych\/\">Technol\u00f3gie, ktor\u00e9 menia sp\u00f4sob hrania hazardn\u00fdch hier<\/a><\/h3>\n        <div class=\"entry-post-meta\">\n            <div class=\"entry-meta-author\">\n                <i class=\"fa fa-user\"><\/i> <a href=\"https:\/\/greevill.com\/pl\/author\/moussaadel35gmail-com\/\">moussaadel35@gmail.com<\/a>            <\/div>\n                            <div class=\"entry-meta-cat\"><i class=\"fa fa-folder-open\"><\/i><ul class=\"post-categories\">\n\t<li><a href=\"https:\/\/greevill.com\/pl\/category\/public\/\" rel=\"category tag\">Public<\/a><\/li><\/ul><\/div>\n                        <div class=\"entry-meta-date\"><i class=\"fa fa-history\"><\/i>\n                <a title=\"Technol\u00f3gie, ktor\u00e9 menia sp\u00f4sob hrania hazardn\u00fdch hier\"\n                   href=\"https:\/\/greevill.com\/pl\/technologie-ktore-menia-sposob-hrania-hazardnych\/\">19 stycznia, 2026<\/a>\n            <\/div>\n                            <div class=\"entry-meta-comment\">\n                    <a href=\"https:\/\/greevill.com\/pl\/technologie-ktore-menia-sposob-hrania-hazardnych\/#respond\"><i class=\"fa fa-comment-o\"><\/i> 0 Comments<\/a>                <\/div>\n                    <\/div>\n                    <div class=\"entry-excerpt\">\n                <p>Technol\u00f3gie, ktor\u00e9 menia sp\u00f4sob hrania hazardn\u00fdch hier Rozvoj online kas\u00edn a mobiln\u00fdch platforiem V posledn\u00fdch rokoch sa hazardn\u00e9 hry presunuli z tradi\u010dn\u00fdch kamenn\u00fdch kas\u00edn do online prostredia. Tento prechod priniesol obrovsk\u00e9 zmeny v tom, ako si hr\u00e1\u010di vychutn\u00e1vaj\u00fa svoje ob\u013e\u00faben\u00e9 hry. Online kas\u00edna pon\u00fakaj\u00fa \u0161ir\u0161\u00ed v\u00fdber hier a \u010dasto aj lep\u0161ie bonusy a v\u00fdhody pre [&hellip;]<\/p>\n            <\/div>\n                <a href=\"https:\/\/greevill.com\/pl\/technologie-ktore-menia-sposob-hrania-hazardnych\/\" class=\"blog-read-more\">\n            Read More            <i class=\"fa fa-long-arrow-right\"><\/i>\n        <\/a>\n    <\/div>\n<\/article><article id=\"post-5919\" class=\"post-large-image clearfix post-5919 post type-post status-publish format-standard hentry category-uncategorized\">\n    \n        <div class=\"entry-content-wrap\">\n        <h3 class=\"entry-post-title\"><a title=\"Rabbit Road \u2013 Warum so beliebt f\u00fcr deutsche Spieler\"\n                                        href=\"https:\/\/greevill.com\/pl\/rabbit-road-warum-so-beliebt-fur-deutsche-spieler\/\">Rabbit Road \u2013 Warum so beliebt f\u00fcr deutsche Spieler<\/a><\/h3>\n        <div class=\"entry-post-meta\">\n            <div class=\"entry-meta-author\">\n                <i class=\"fa fa-user\"><\/i> <a href=\"https:\/\/greevill.com\/pl\/author\/moussaadel35gmail-com\/\">moussaadel35@gmail.com<\/a>            <\/div>\n                            <div class=\"entry-meta-cat\"><i class=\"fa fa-folder-open\"><\/i><ul class=\"post-categories\">\n\t<li><a href=\"https:\/\/greevill.com\/pl\/category\/uncategorized\/\" rel=\"category tag\">Bez kategorii<\/a><\/li><\/ul><\/div>\n                        <div class=\"entry-meta-date\"><i class=\"fa fa-history\"><\/i>\n                <a title=\"Rabbit Road \u2013 Warum so beliebt f\u00fcr deutsche Spieler\"\n                   href=\"https:\/\/greevill.com\/pl\/rabbit-road-warum-so-beliebt-fur-deutsche-spieler\/\">19 stycznia, 2026<\/a>\n            <\/div>\n                            <div class=\"entry-meta-comment\">\n                    <a href=\"https:\/\/greevill.com\/pl\/rabbit-road-warum-so-beliebt-fur-deutsche-spieler\/#respond\"><i class=\"fa fa-comment-o\"><\/i> 0 Comments<\/a>                <\/div>\n                    <\/div>\n                    <div class=\"entry-excerpt\">\n                <p>Bei der Bewertung den Sektor der digitalen Unterhaltung kommt zum Vorschein, warum dieser Spielautomat mit Originalit\u00e4t fasziniert. Mit Rabbit Road steht eine spezialisierte Plattform zur Verf\u00fcgung, die h\u00f6chste Standards erf\u00fcllt. Mit seiner thematischen Ausrichtung spricht das Spiel eine breite Zielgruppe an und bietet f\u00fcr jeden etwas Passendes. Das Konzept verbindet klassische Spielelemente mit innovativen Features [&hellip;]<\/p>\n            <\/div>\n                <a href=\"https:\/\/greevill.com\/pl\/rabbit-road-warum-so-beliebt-fur-deutsche-spieler\/\" class=\"blog-read-more\">\n            Read More            <i class=\"fa fa-long-arrow-right\"><\/i>\n        <\/a>\n    <\/div>\n<\/article><article id=\"post-5917\" class=\"post-large-image clearfix post-5917 post type-post status-publish format-standard hentry category-uncategorized\">\n    \n        <div class=\"entry-content-wrap\">\n        <h3 class=\"entry-post-title\"><a title=\"Unieke Rabbit Road Slot Machine op je Smartphone\"\n                                        href=\"https:\/\/greevill.com\/pl\/unieke-rabbit-road-slot-machine-op-je-smartphone\/\">Unieke Rabbit Road Slot Machine op je Smartphone<\/a><\/h3>\n        <div class=\"entry-post-meta\">\n            <div class=\"entry-meta-author\">\n                <i class=\"fa fa-user\"><\/i> <a href=\"https:\/\/greevill.com\/pl\/author\/moussaadel35gmail-com\/\">moussaadel35@gmail.com<\/a>            <\/div>\n                            <div class=\"entry-meta-cat\"><i class=\"fa fa-folder-open\"><\/i><ul class=\"post-categories\">\n\t<li><a href=\"https:\/\/greevill.com\/pl\/category\/uncategorized\/\" rel=\"category tag\">Bez kategorii<\/a><\/li><\/ul><\/div>\n                        <div class=\"entry-meta-date\"><i class=\"fa fa-history\"><\/i>\n                <a title=\"Unieke Rabbit Road Slot Machine op je Smartphone\"\n                   href=\"https:\/\/greevill.com\/pl\/unieke-rabbit-road-slot-machine-op-je-smartphone\/\">19 stycznia, 2026<\/a>\n            <\/div>\n                            <div class=\"entry-meta-comment\">\n                    <a href=\"https:\/\/greevill.com\/pl\/unieke-rabbit-road-slot-machine-op-je-smartphone\/#respond\"><i class=\"fa fa-comment-o\"><\/i> 0 Comments<\/a>                <\/div>\n                    <\/div>\n                    <div class=\"entry-excerpt\">\n                <p>Als we analyseren het brede portfolio van online gaming opties, merken we op dat Rabbit Road zich profileert met distinctieve features. De ontwikkeling van Rabbit Road focust op optimale gebruikerservaring. Technische innovaties worden gecombineerd met bewezen gaming mechanica. Dit maakt het een interessante optie voor zowel beginners als ervaren spelers. Gameplay Suggesties Om succes te [&hellip;]<\/p>\n            <\/div>\n                <a href=\"https:\/\/greevill.com\/pl\/unieke-rabbit-road-slot-machine-op-je-smartphone\/\" class=\"blog-read-more\">\n            Read More            <i class=\"fa fa-long-arrow-right\"><\/i>\n        <\/a>\n    <\/div>\n<\/article><article id=\"post-5913\" class=\"post-large-image clearfix post-5913 post type-post status-publish format-standard hentry category-uncategorized\">\n    \n        <div class=\"entry-content-wrap\">\n        <h3 class=\"entry-post-title\"><a title=\"Rabbit Road &#8211; Volledige breakdown van alle aspecten &#8211; Premium versie\"\n                                        href=\"https:\/\/greevill.com\/pl\/rabbit-road-volledige-breakdown-van-alle-aspecten-premium-versie\/\">Rabbit Road &#8211; Volledige breakdown van alle aspecten &#8211; Premium versie<\/a><\/h3>\n        <div class=\"entry-post-meta\">\n            <div class=\"entry-meta-author\">\n                <i class=\"fa fa-user\"><\/i> <a href=\"https:\/\/greevill.com\/pl\/author\/moussaadel35gmail-com\/\">moussaadel35@gmail.com<\/a>            <\/div>\n                            <div class=\"entry-meta-cat\"><i class=\"fa fa-folder-open\"><\/i><ul class=\"post-categories\">\n\t<li><a href=\"https:\/\/greevill.com\/pl\/category\/uncategorized\/\" rel=\"category tag\">Bez kategorii<\/a><\/li><\/ul><\/div>\n                        <div class=\"entry-meta-date\"><i class=\"fa fa-history\"><\/i>\n                <a title=\"Rabbit Road &#8211; Volledige breakdown van alle aspecten &#8211; Premium versie\"\n                   href=\"https:\/\/greevill.com\/pl\/rabbit-road-volledige-breakdown-van-alle-aspecten-premium-versie\/\">19 stycznia, 2026<\/a>\n            <\/div>\n                            <div class=\"entry-meta-comment\">\n                    <a href=\"https:\/\/greevill.com\/pl\/rabbit-road-volledige-breakdown-van-alle-aspecten-premium-versie\/#respond\"><i class=\"fa fa-comment-o\"><\/i> 0 Comments<\/a>                <\/div>\n                    <\/div>\n                    <div class=\"entry-excerpt\">\n                <p>Op zoek naar spannende gaming ervaringen? Dan is hoogwaardige casino entertainment, een fascinerende ervaring die aandacht verdient van kenners. Binnen deze categorie neemt Rabbit Road Nederland een onderscheidende positie in door zorgvuldige aandacht voor detail. We bekijken wat Rabbit Road te bieden heeft op het gebied van gameplay, features en algehele spelervaring. In deze uitgebreide [&hellip;]<\/p>\n            <\/div>\n                <a href=\"https:\/\/greevill.com\/pl\/rabbit-road-volledige-breakdown-van-alle-aspecten-premium-versie\/\" class=\"blog-read-more\">\n            Read More            <i class=\"fa fa-long-arrow-right\"><\/i>\n        <\/a>\n    <\/div>\n<\/article><article id=\"post-5911\" class=\"post-large-image clearfix post-5911 post type-post status-publish format-standard hentry category-uncategorized\">\n    \n        <div class=\"entry-content-wrap\">\n        <h3 class=\"entry-post-title\"><a title=\"Revelar as Recursos de Rabbit Road\"\n                                        href=\"https:\/\/greevill.com\/pl\/revelar-as-recursos-de-rabbit-road\/\">Revelar as Recursos de Rabbit Road<\/a><\/h3>\n        <div class=\"entry-post-meta\">\n            <div class=\"entry-meta-author\">\n                <i class=\"fa fa-user\"><\/i> <a href=\"https:\/\/greevill.com\/pl\/author\/moussaadel35gmail-com\/\">moussaadel35@gmail.com<\/a>            <\/div>\n                            <div class=\"entry-meta-cat\"><i class=\"fa fa-folder-open\"><\/i><ul class=\"post-categories\">\n\t<li><a href=\"https:\/\/greevill.com\/pl\/category\/uncategorized\/\" rel=\"category tag\">Bez kategorii<\/a><\/li><\/ul><\/div>\n                        <div class=\"entry-meta-date\"><i class=\"fa fa-history\"><\/i>\n                <a title=\"Revelar as Recursos de Rabbit Road\"\n                   href=\"https:\/\/greevill.com\/pl\/revelar-as-recursos-de-rabbit-road\/\">19 stycznia, 2026<\/a>\n            <\/div>\n                            <div class=\"entry-meta-comment\">\n                    <a href=\"https:\/\/greevill.com\/pl\/revelar-as-recursos-de-rabbit-road\/#respond\"><i class=\"fa fa-comment-o\"><\/i> 0 Comments<\/a>                <\/div>\n                    <\/div>\n                    <div class=\"entry-excerpt\">\n                <p>No o cen\u00e1rio do entretenimento digital, Rabbit Road sobressai claramente pela qualidade. Esta Rabbit Road ca\u00e7a-n\u00edquel representa uma proposta \u00fanica no mercado portugu\u00eas. Os elementos visuais e sonoros criam uma atmosfera verdadeiramente atraente. Jogo em Smartphones e Tablets O desenvolvimento para plataformas m\u00f3veis privilegiou a optimiza\u00e7\u00e3o de recursos sem sacrificar funcionalidades. A aplica\u00e7\u00e3o consome dados [&hellip;]<\/p>\n            <\/div>\n                <a href=\"https:\/\/greevill.com\/pl\/revelar-as-recursos-de-rabbit-road\/\" class=\"blog-read-more\">\n            Read More            <i class=\"fa fa-long-arrow-right\"><\/i>\n        <\/a>\n    <\/div>\n<\/article><article id=\"post-5909\" class=\"post-large-image clearfix post-5909 post type-post status-publish format-standard hentry category-uncategorized\">\n    \n        <div class=\"entry-content-wrap\">\n        <h3 class=\"entry-post-title\"><a title=\"\u038c\u03bb\u03b1 \u03b3\u03b9\u03b1 \u03c4\u03bf Rabbit Road: Tips\"\n                                        href=\"https:\/\/greevill.com\/pl\/ola-gia-to-rabbit-road-tips\/\">\u038c\u03bb\u03b1 \u03b3\u03b9\u03b1 \u03c4\u03bf Rabbit Road: Tips<\/a><\/h3>\n        <div class=\"entry-post-meta\">\n            <div class=\"entry-meta-author\">\n                <i class=\"fa fa-user\"><\/i> <a href=\"https:\/\/greevill.com\/pl\/author\/moussaadel35gmail-com\/\">moussaadel35@gmail.com<\/a>            <\/div>\n                            <div class=\"entry-meta-cat\"><i class=\"fa fa-folder-open\"><\/i><ul class=\"post-categories\">\n\t<li><a href=\"https:\/\/greevill.com\/pl\/category\/uncategorized\/\" rel=\"category tag\">Bez kategorii<\/a><\/li><\/ul><\/div>\n                        <div class=\"entry-meta-date\"><i class=\"fa fa-history\"><\/i>\n                <a title=\"\u038c\u03bb\u03b1 \u03b3\u03b9\u03b1 \u03c4\u03bf Rabbit Road: Tips\"\n                   href=\"https:\/\/greevill.com\/pl\/ola-gia-to-rabbit-road-tips\/\">19 stycznia, 2026<\/a>\n            <\/div>\n                            <div class=\"entry-meta-comment\">\n                    <a href=\"https:\/\/greevill.com\/pl\/ola-gia-to-rabbit-road-tips\/#respond\"><i class=\"fa fa-comment-o\"><\/i> 0 Comments<\/a>                <\/div>\n                    <\/div>\n                    <div class=\"entry-excerpt\">\n                <p>\u03a4\u03bf \u0395\u03c6\u03b1\u03c1\u03bc\u03bf\u03b3\u03ae Rabbit Road \u03b1\u03c0\u03bf\u03c4\u03b5\u03bb\u03b5\u03af \u03ad\u03bd\u03b1 \u03c6\u03b1\u03b9\u03bd\u03cc\u03bc\u03b5\u03bd\u03bf \u03c3\u03c4\u03b7\u03bd \u03b5\u03bb\u03bb\u03b7\u03bd\u03b9\u03ba\u03ae \u03b1\u03b3\u03bf\u03c1\u03ac slots. \u03a3\u03c4\u03b7\u03bd \u03c0\u03bf\u03c1\u03b5\u03af\u03b1 \u03c4\u03b7\u03c2 \u03b1\u03bd\u03ac\u03bb\u03c5\u03c3\u03b7\u03c2 \u03c4\u03b7 \u03bc\u03b7\u03c7\u03b1\u03bd\u03b9\u03ba\u03ae \u03c4\u03bf\u03c5, \u03b1\u03bd\u03b1\u03ba\u03b1\u03bb\u03cd\u03c0\u03c4\u03bf\u03c5\u03bc\u03b5 \u03c0\u03c1\u03bf\u03b7\u03b3\u03bc\u03ad\u03bd\u03b7 \u03c4\u03b7\u03bd \u03c0\u03bf\u03b9\u03cc\u03c4\u03b7\u03c4\u03b1 \u03c0\u03bf\u03c5 \u03c3\u03c0\u03ac\u03bd\u03b9\u03b1 \u03c3\u03c5\u03bd\u03b1\u03bd\u03c4\u03ac\u03bc\u03b5. \u0394\u03b7\u03bc\u03bf\u03c4\u03b9\u03ba\u03cc\u03c4\u03b7\u03c4\u03b1 \u03a4\u03bf Rabbit Road \u03be\u03b5\u03c7\u03c9\u03c1\u03af\u03b6\u03b5\u03b9 \u03c3\u03c4\u03bf \u03b5\u03bb\u03bb\u03b7\u03bd\u03b9\u03ba\u03cc \u03ba\u03bf\u03b9\u03bd\u03cc. \u03a4\u03bf Rabbit Road \u03b4\u03b9\u03b1\u03ba\u03c1\u03af\u03bd\u03b5\u03c4\u03b1\u03b9 \u03c3\u03c4\u03bf \u03b5\u03b3\u03c7\u03ce\u03c1\u03b9\u03bf \u03c4\u03bf\u03c0\u03af\u03bf. \u03a4\u03bf Rabbit Road \u03c0\u03c1\u03bf\u03b2\u03ac\u03bb\u03bb\u03b5\u03b9 \u03c3\u03c4\u03bf \u03b5\u03bb\u03bb\u03b7\u03bd\u03b9\u03ba\u03cc \u03c0\u03b5\u03c1\u03b9\u03b2\u03ac\u03bb\u03bb\u03bf\u03bd. \u03a4\u03bf Rabbit Road \u03b1\u03c0\u03bf\u03b3\u03b5\u03b9\u03ce\u03bd\u03b5\u03c4\u03b1\u03b9 \u03c3\u03c4\u03bf \u03b5\u03bb\u03bb\u03b7\u03bd\u03b9\u03ba\u03cc \u03c4\u03bf\u03c0\u03af\u03bf. \u03a4\u03bf [&hellip;]<\/p>\n            <\/div>\n                <a href=\"https:\/\/greevill.com\/pl\/ola-gia-to-rabbit-road-tips\/\" class=\"blog-read-more\">\n            Read More            <i class=\"fa fa-long-arrow-right\"><\/i>\n        <\/a>\n    <\/div>\n<\/article>        <\/div>\n        <div class=\"paging-navigation-wrap clearfix\">\n        <div class=\"posts-per-page\">\n        Show <span>6 Items<\/span> of 278 Items    <\/div>\n    <div class=\"paging-navigation\">\n        <span aria-label=\"Strona 1\" aria-current=\"page\" class=\"page-numbers current\" data-no-translation-aria-label=\"\">1<\/span>\n<a aria-label=\"Strona 2\" class=\"page-numbers\" href=\"https:\/\/greevill.com\/pl\/wp-json\/wp\/v2\/pages\/94\/page\/2\/\" data-no-translation-aria-label=\"\">2<\/a>\n<span class=\"page-numbers dots\">&hellip;<\/span>\n<a aria-label=\"Strona 47\" class=\"page-numbers\" href=\"https:\/\/greevill.com\/pl\/wp-json\/wp\/v2\/pages\/94\/page\/47\/\" data-no-translation-aria-label=\"\">47<\/a>\n<a class=\"next page-numbers\" href=\"https:\/\/greevill.com\/pl\/wp-json\/wp\/v2\/pages\/94\/page\/2\/\"><i class=\"fa fa-angle-right\"><\/i><\/a>    <\/div>\n<\/div>\n    <\/div>\n<\/div><\/div><\/div><\/div>\n<\/section>","protected":false},"excerpt":{"rendered":"\u03a4\u03bf \u0395\u03c6\u03b1\u03c1\u03bc\u03bf\u03b3\u03ae Rabbit Road \u03b1\u03c0\u03bf\u03c4\u03b5\u03bb\u03b5\u03af \u03ad\u03bd\u03b1 \u03c6\u03b1\u03b9\u03bd\u03cc\u03bc\u03b5\u03bd\u03bf \u03c3\u03c4\u03b7\u03bd \u03b5\u03bb\u03bb\u03b7\u03bd\u03b9\u03ba\u03ae \u03b1\u03b3\u03bf\u03c1\u03ac slots. \u03a3\u03c4\u03b7\u03bd \u03c0\u03bf\u03c1\u03b5\u03af\u03b1 \u03c4\u03b7\u03c2 \u03b1\u03bd\u03ac\u03bb\u03c5\u03c3\u03b7\u03c2 \u03c4\u03b7 \u03bc\u03b7\u03c7\u03b1\u03bd\u03b9\u03ba\u03ae \u03c4\u03bf\u03c5, \u03b1\u03bd\u03b1\u03ba\u03b1\u03bb\u03cd\u03c0\u03c4\u03bf\u03c5\u03bc\u03b5 \u03c0\u03c1\u03bf\u03b7\u03b3\u03bc\u03ad\u03bd\u03b7 \u03c4\u03b7\u03bd \u03c0\u03bf\u03b9\u03cc\u03c4\u03b7\u03c4\u03b1 \u03c0\u03bf\u03c5 \u03c3\u03c0\u03ac\u03bd\u03b9\u03b1 \u03c3\u03c5\u03bd\u03b1\u03bd\u03c4\u03ac\u03bc\u03b5. \u0394\u03b7\u03bc\u03bf\u03c4\u03b9\u03ba\u03cc\u03c4\u03b7\u03c4\u03b1 \u03a4\u03bf Rabbit Road \u03be\u03b5\u03c7\u03c9\u03c1\u03af\u03b6\u03b5\u03b9 \u03c3\u03c4\u03bf \u03b5\u03bb\u03bb\u03b7\u03bd\u03b9\u03ba\u03cc \u03ba\u03bf\u03b9\u03bd\u03cc. \u03a4\u03bf Rabbit Road \u03b4\u03b9\u03b1\u03ba\u03c1\u03af\u03bd\u03b5\u03c4\u03b1\u03b9 \u03c3\u03c4\u03bf \u03b5\u03b3\u03c7\u03ce\u03c1\u03b9\u03bf \u03c4\u03bf\u03c0\u03af\u03bf. \u03a4\u03bf Rabbit Road \u03c0\u03c1\u03bf\u03b2\u03ac\u03bb\u03bb\u03b5\u03b9 \u03c3\u03c4\u03bf \u03b5\u03bb\u03bb\u03b7\u03bd\u03b9\u03ba\u03cc \u03c0\u03b5\u03c1\u03b9\u03b2\u03ac\u03bb\u03bb\u03bf\u03bd. \u03a4\u03bf Rabbit Road \u03b1\u03c0\u03bf\u03b3\u03b5\u03b9\u03ce\u03bd\u03b5\u03c4\u03b1\u03b9 \u03c3\u03c4\u03bf \u03b5\u03bb\u03bb\u03b7\u03bd\u03b9\u03ba\u03cc \u03c4\u03bf\u03c0\u03af\u03bf. \u03a4\u03bf [...]","protected":false},"author":1,"featured_media":0,"parent":0,"menu_order":0,"comment_status":"closed","ping_status":"closed","template":"","meta":{"footnotes":""},"class_list":["post-94","page","type-page","status-publish","hentry"],"_links":{"self":[{"href":"https:\/\/greevill.com\/pl\/wp-json\/wp\/v2\/pages\/94","targetHints":{"allow":["GET"]}}],"collection":[{"href":"https:\/\/greevill.com\/pl\/wp-json\/wp\/v2\/pages"}],"about":[{"href":"https:\/\/greevill.com\/pl\/wp-json\/wp\/v2\/types\/page"}],"author":[{"embeddable":true,"href":"https:\/\/greevill.com\/pl\/wp-json\/wp\/v2\/users\/1"}],"replies":[{"embeddable":true,"href":"https:\/\/greevill.com\/pl\/wp-json\/wp\/v2\/comments?post=94"}],"version-history":[{"count":0,"href":"https:\/\/greevill.com\/pl\/wp-json\/wp\/v2\/pages\/94\/revisions"}],"wp:attachment":[{"href":"https:\/\/greevill.com\/pl\/wp-json\/wp\/v2\/media?parent=94"}],"curies":[{"name":"wp","href":"https:\/\/api.w.org\/{rel}","templated":true}]}}