{"id":4285,"date":"2023-09-21T20:55:38","date_gmt":"2023-09-21T20:55:38","guid":{"rendered":"https:\/\/greevill.com\/?post_type=product&#038;p=4285"},"modified":"2024-03-10T15:25:41","modified_gmt":"2024-03-10T15:25:41","slug":"strawberry","status":"publish","type":"product","link":"https:\/\/greevill.com\/pl\/produkt\/strawberry\/","title":{"rendered":"Truskawka"},"content":{"rendered":"","protected":false},"excerpt":{"rendered":"<p>Truskawki s\u0105 bogatym \u017ar\u00f3d\u0142em przeciwutleniaczy i chroni\u0105 przed wolnymi rodnikami.<\/p>\n<table width=\"424\">\n<tbody>\n<tr>\n<td width=\"150\">Pochodzenie:+A3:A17<\/td>\n<td width=\"274\">Egipt<\/td>\n<\/tr>\n<tr>\n<td>Kod HS:<\/td>\n<td>0810100000<\/td>\n<\/tr>\n<tr>\n<td>Klasa<\/td>\n<td>A , B<\/td>\n<\/tr>\n<tr>\n<td>Odmiana<\/td>\n<td>Florida Fortuna, Florida Festival<\/td>\n<\/tr>\n<tr>\n<td>Rozmiar:<\/td>\n<td>24\u00a0~\u00a036 mm<\/td>\n<\/tr>\n<tr>\n<td>Opis produktu:<\/td>\n<td>Ca\u0142o\u015b\u0107, pokrojona w kostk\u0119 i plasterki<\/td>\n<\/tr>\n<tr>\n<td>Proces:<\/td>\n<td>Umyte, posortowane, IQF lub piaskowane, zapakowane<\/td>\n<\/tr>\n<tr>\n<td>Data produkcji<\/td>\n<td width=\"274\">STYCZE\u0143, LUTY, MAR, KWIECIE\u0143, LISTOPAD, GRUDZIE\u0143<\/td>\n<\/tr>\n<tr>\n<td rowspan=\"5\">Dost\u0119pne opakowanie:<\/td>\n<td>1*10 kg pakowane w worki i karton 10 kg<\/td>\n<\/tr>\n<tr>\n<td>4*2.5 kg pakowane w worki i karton 10 kg<\/td>\n<\/tr>\n<tr>\n<td>10*1 kg pakowane w worki i karton 10 kg<\/td>\n<\/tr>\n<tr>\n<td>25 kg pakowane<\/td>\n<\/tr>\n<tr>\n<td width=\"274\">(zgodnie z \u017cyczeniem klienta)<\/td>\n<\/tr>\n<tr>\n<td>Przechowywanie<\/td>\n<td>w temperaturze -18\u00b0C<\/td>\n<\/tr>\n<tr>\n<td>Data wa\u017cno\u015bci<\/td>\n<td>18 miesi\u0119cy od daty produkcji<\/td>\n<\/tr>\n<\/tbody>\n<\/table>","protected":false},"featured_media":4270,"comment_status":"open","ping_status":"closed","template":"","meta":[],"product_brand":[],"product_cat":[100],"product_tag":[],"class_list":{"0":"post-4285","1":"product","2":"type-product","3":"status-publish","4":"has-post-thumbnail","6":"product_cat-frozen-fruits","8":"first","9":"instock","10":"shipping-taxable","11":"product-type-simple"},"_links":{"self":[{"href":"https:\/\/greevill.com\/pl\/wp-json\/wp\/v2\/product\/4285","targetHints":{"allow":["GET"]}}],"collection":[{"href":"https:\/\/greevill.com\/pl\/wp-json\/wp\/v2\/product"}],"about":[{"href":"https:\/\/greevill.com\/pl\/wp-json\/wp\/v2\/types\/product"}],"replies":[{"embeddable":true,"href":"https:\/\/greevill.com\/pl\/wp-json\/wp\/v2\/comments?post=4285"}],"wp:featuredmedia":[{"embeddable":true,"href":"https:\/\/greevill.com\/pl\/wp-json\/wp\/v2\/media\/4270"}],"wp:attachment":[{"href":"https:\/\/greevill.com\/pl\/wp-json\/wp\/v2\/media?parent=4285"}],"wp:term":[{"taxonomy":"product_brand","embeddable":true,"href":"https:\/\/greevill.com\/pl\/wp-json\/wp\/v2\/product_brand?post=4285"},{"taxonomy":"product_cat","embeddable":true,"href":"https:\/\/greevill.com\/pl\/wp-json\/wp\/v2\/product_cat?post=4285"},{"taxonomy":"product_tag","embeddable":true,"href":"https:\/\/greevill.com\/pl\/wp-json\/wp\/v2\/product_tag?post=4285"}],"curies":[{"name":"wp","href":"https:\/\/api.w.org\/{rel}","templated":true}]}}