{"id":4351,"date":"2023-09-24T09:58:35","date_gmt":"2023-09-24T09:58:35","guid":{"rendered":"https:\/\/greevill.com\/?post_type=product&#038;p=4351"},"modified":"2024-11-10T19:55:20","modified_gmt":"2024-11-10T19:55:20","slug":"grilled-puree-eggplant","status":"publish","type":"product","link":"https:\/\/greevill.com\/pl\/produkt\/grilled-puree-eggplant\/","title":{"rendered":"Grillowany bak\u0142a\u017can"},"content":{"rendered":"","protected":false},"excerpt":{"rendered":"<p>Bogaty w wiele sk\u0142adnik\u00f3w od\u017cywczych. \u2026Wysoka zawarto\u015b\u0107 przeciwutleniaczy. \u2026Mo\u017ce zmniejszy\u0107 ryzyko chor\u00f3b serca. \u2026Mo\u017ce wspomaga\u0107 kontrol\u0119 poziomu cukru we krwi. Mo\u017ce pom\u00f3c w utracie wagi. \u2026Mo\u017ce mie\u0107 w\u0142a\u015bciwo\u015bci przeciwnowotworowe. \u2026Bardzo \u0142atwy do dodania do diety..<\/p>\n<table width=\"444\">\n<tbody>\n<tr>\n<td width=\"170\">Pochodzenie:+A3:A17+A3:B3<\/td>\n<td width=\"274\">Egipt<\/td>\n<\/tr>\n<tr>\n<td>Kod HS:<\/td>\n<td>0709300000<\/td>\n<\/tr>\n<tr>\n<td>Klasa<\/td>\n<td>A<\/td>\n<\/tr>\n<tr>\n<td>Odmiana<\/td>\n<td width=\"274\">Podniecony\\Roumy<\/td>\n<\/tr>\n<tr>\n<td>Rozmiar:<\/td>\n<td>*************<\/td>\n<\/tr>\n<tr>\n<td>Opis produktu:<\/td>\n<td>Grillowane puree<\/td>\n<\/tr>\n<tr>\n<td>Proces:<\/td>\n<td>Myte, sortowane, krojone, grillowane, IQF, pakowane<\/td>\n<\/tr>\n<tr>\n<td>Data produkcji<\/td>\n<td>CZERWIEC, LIPIEC, SIERPIE\u0143, WRZESIE\u0143<\/td>\n<\/tr>\n<tr>\n<td rowspan=\"5\">Dost\u0119pne opakowanie:<\/td>\n<td width=\"274\">*************<\/td>\n<\/tr>\n<tr>\n<td>4*2.5 kg pakowane w worki i karton 10 kg<\/td>\n<\/tr>\n<tr>\n<td>10*1 kg pakowane w worki i karton 10 kg<\/td>\n<\/tr>\n<tr>\n<td><\/td>\n<\/tr>\n<tr>\n<td width=\"274\">(zgodnie z \u017cyczeniem klienta)<\/td>\n<\/tr>\n<tr>\n<td>Przechowywanie<\/td>\n<td>w temperaturze -18\u00b0C<\/td>\n<\/tr>\n<tr>\n<td>Data wa\u017cno\u015bci<\/td>\n<td>18 miesi\u0119cy od daty produkcji<\/td>\n<\/tr>\n<\/tbody>\n<\/table>","protected":false},"featured_media":4352,"comment_status":"open","ping_status":"closed","template":"","meta":[],"product_brand":[],"product_cat":[101],"product_tag":[],"class_list":{"0":"post-4351","1":"product","2":"type-product","3":"status-publish","4":"has-post-thumbnail","6":"product_cat-frozen-vegetable","8":"first","9":"instock","10":"shipping-taxable","11":"product-type-simple"},"_links":{"self":[{"href":"https:\/\/greevill.com\/pl\/wp-json\/wp\/v2\/product\/4351","targetHints":{"allow":["GET"]}}],"collection":[{"href":"https:\/\/greevill.com\/pl\/wp-json\/wp\/v2\/product"}],"about":[{"href":"https:\/\/greevill.com\/pl\/wp-json\/wp\/v2\/types\/product"}],"replies":[{"embeddable":true,"href":"https:\/\/greevill.com\/pl\/wp-json\/wp\/v2\/comments?post=4351"}],"wp:featuredmedia":[{"embeddable":true,"href":"https:\/\/greevill.com\/pl\/wp-json\/wp\/v2\/media\/4352"}],"wp:attachment":[{"href":"https:\/\/greevill.com\/pl\/wp-json\/wp\/v2\/media?parent=4351"}],"wp:term":[{"taxonomy":"product_brand","embeddable":true,"href":"https:\/\/greevill.com\/pl\/wp-json\/wp\/v2\/product_brand?post=4351"},{"taxonomy":"product_cat","embeddable":true,"href":"https:\/\/greevill.com\/pl\/wp-json\/wp\/v2\/product_cat?post=4351"},{"taxonomy":"product_tag","embeddable":true,"href":"https:\/\/greevill.com\/pl\/wp-json\/wp\/v2\/product_tag?post=4351"}],"curies":[{"name":"wp","href":"https:\/\/api.w.org\/{rel}","templated":true}]}}