{"id":4353,"date":"2023-09-24T09:59:24","date_gmt":"2023-09-24T09:59:24","guid":{"rendered":"https:\/\/greevill.com\/?post_type=product&#038;p=4353"},"modified":"2023-09-24T09:59:24","modified_gmt":"2023-09-24T09:59:24","slug":"green-beans","status":"publish","type":"product","link":"https:\/\/greevill.com\/pl\/produkt\/green-beans\/","title":{"rendered":"Szparagi"},"content":{"rendered":"","protected":false},"excerpt":{"rendered":"<p>Zielona fasolka to nie tylko smaczne, chrupi\u0105ce, niskokaloryczne jedzenie, ale tak\u017ce \u017ar\u00f3d\u0142o wielu kluczowych sk\u0142adnik\u00f3w od\u017cywczych. M\u0142oda, delikatna zielona fasolka jest dobrym \u017ar\u00f3d\u0142em witaminy C, b\u0142onnika pokarmowego, kwasu foliowego, witaminy K i krzemu (niezb\u0119dnego dla zdrowych ko\u015bci, sk\u00f3ry i w\u0142os\u00f3w).<\/p>\n<table width=\"424\">\n<tbody>\n<tr>\n<td width=\"150\">Pochodzenie:+A3:A17+A3:B<\/td>\n<td width=\"274\">Egipt<\/td>\n<\/tr>\n<tr>\n<td>Kod HS:<\/td>\n<td>0708200090<\/td>\n<\/tr>\n<tr>\n<td>Klasa<\/td>\n<td>A<\/td>\n<\/tr>\n<tr>\n<td>Odmiana<\/td>\n<td width=\"274\">Bronco, Alhama<\/td>\n<\/tr>\n<tr>\n<td>Rozmiar:<\/td>\n<td>2.5\/3.5 ~ 4\/6<\/td>\n<\/tr>\n<tr>\n<td>Opis produktu:<\/td>\n<td>\u00a0Ca\u0142o\u015b\u0107, Ci\u0119cie<\/td>\n<\/tr>\n<tr>\n<td>Proces:<\/td>\n<td>Umyte, posortowane, pokrojone, IQF, zapakowane<\/td>\n<\/tr>\n<tr>\n<td>Data produkcji<\/td>\n<td>STYCZE\u0143, LUTY, MAR, KWIECIE\u0143, MAJ, CZERWIEC, WRZESIE\u0143, PA\u0179, LISTOPAD, GRUDZIE\u0143<\/td>\n<\/tr>\n<tr>\n<td rowspan=\"5\">Dost\u0119pne opakowanie:<\/td>\n<td>1*10 kg pakowane w worki i karton 10 kg<\/td>\n<\/tr>\n<tr>\n<td>4*2.5 kg pakowane w worki i karton 10 kg<\/td>\n<\/tr>\n<tr>\n<td>10*1 kg pakowane w worki i karton 10 kg<\/td>\n<\/tr>\n<tr>\n<td width=\"274\">*************<\/td>\n<\/tr>\n<tr>\n<td width=\"274\">(zgodnie z \u017cyczeniem klienta)<\/td>\n<\/tr>\n<tr>\n<td>Przechowywanie<\/td>\n<td>w temperaturze -18\u00b0C<\/td>\n<\/tr>\n<tr>\n<td>Data wa\u017cno\u015bci<\/td>\n<td>18 miesi\u0119cy od daty produkcji<\/td>\n<\/tr>\n<\/tbody>\n<\/table>","protected":false},"featured_media":4354,"comment_status":"open","ping_status":"closed","template":"","meta":[],"product_brand":[],"product_cat":[101],"product_tag":[],"class_list":{"0":"post-4353","1":"product","2":"type-product","3":"status-publish","4":"has-post-thumbnail","6":"product_cat-frozen-vegetable","8":"first","9":"instock","10":"shipping-taxable","11":"product-type-simple"},"_links":{"self":[{"href":"https:\/\/greevill.com\/pl\/wp-json\/wp\/v2\/product\/4353","targetHints":{"allow":["GET"]}}],"collection":[{"href":"https:\/\/greevill.com\/pl\/wp-json\/wp\/v2\/product"}],"about":[{"href":"https:\/\/greevill.com\/pl\/wp-json\/wp\/v2\/types\/product"}],"replies":[{"embeddable":true,"href":"https:\/\/greevill.com\/pl\/wp-json\/wp\/v2\/comments?post=4353"}],"wp:featuredmedia":[{"embeddable":true,"href":"https:\/\/greevill.com\/pl\/wp-json\/wp\/v2\/media\/4354"}],"wp:attachment":[{"href":"https:\/\/greevill.com\/pl\/wp-json\/wp\/v2\/media?parent=4353"}],"wp:term":[{"taxonomy":"product_brand","embeddable":true,"href":"https:\/\/greevill.com\/pl\/wp-json\/wp\/v2\/product_brand?post=4353"},{"taxonomy":"product_cat","embeddable":true,"href":"https:\/\/greevill.com\/pl\/wp-json\/wp\/v2\/product_cat?post=4353"},{"taxonomy":"product_tag","embeddable":true,"href":"https:\/\/greevill.com\/pl\/wp-json\/wp\/v2\/product_tag?post=4353"}],"curies":[{"name":"wp","href":"https:\/\/api.w.org\/{rel}","templated":true}]}}