{"id":4363,"date":"2023-09-24T10:02:42","date_gmt":"2023-09-24T10:02:42","guid":{"rendered":"https:\/\/greevill.com\/?post_type=product&#038;p=4363"},"modified":"2025-04-12T10:08:04","modified_gmt":"2025-04-12T10:08:04","slug":"black-olive-whole-pitted","status":"publish","type":"product","link":"https:\/\/greevill.com\/pl\/produkt\/black-olive-whole-pitted\/","title":{"rendered":"Oliwki czarne ca\u0142e bez pestek"},"content":{"rendered":"","protected":false},"excerpt":{"rendered":"<p>Wkr\u00f3tce wi\u0119cej informacji<\/p>","protected":false},"featured_media":4364,"comment_status":"open","ping_status":"closed","template":"","meta":[],"product_brand":[],"product_cat":[102],"product_tag":[],"class_list":{"0":"post-4363","1":"product","2":"type-product","3":"status-publish","4":"has-post-thumbnail","6":"product_cat-peakels","8":"first","9":"instock","10":"shipping-taxable","11":"product-type-simple"},"_links":{"self":[{"href":"https:\/\/greevill.com\/pl\/wp-json\/wp\/v2\/product\/4363","targetHints":{"allow":["GET"]}}],"collection":[{"href":"https:\/\/greevill.com\/pl\/wp-json\/wp\/v2\/product"}],"about":[{"href":"https:\/\/greevill.com\/pl\/wp-json\/wp\/v2\/types\/product"}],"replies":[{"embeddable":true,"href":"https:\/\/greevill.com\/pl\/wp-json\/wp\/v2\/comments?post=4363"}],"wp:featuredmedia":[{"embeddable":true,"href":"https:\/\/greevill.com\/pl\/wp-json\/wp\/v2\/media\/4364"}],"wp:attachment":[{"href":"https:\/\/greevill.com\/pl\/wp-json\/wp\/v2\/media?parent=4363"}],"wp:term":[{"taxonomy":"product_brand","embeddable":true,"href":"https:\/\/greevill.com\/pl\/wp-json\/wp\/v2\/product_brand?post=4363"},{"taxonomy":"product_cat","embeddable":true,"href":"https:\/\/greevill.com\/pl\/wp-json\/wp\/v2\/product_cat?post=4363"},{"taxonomy":"product_tag","embeddable":true,"href":"https:\/\/greevill.com\/pl\/wp-json\/wp\/v2\/product_tag?post=4363"}],"curies":[{"name":"wp","href":"https:\/\/api.w.org\/{rel}","templated":true}]}}